{"id":909,"date":"2013-10-09T10:33:25","date_gmt":"2013-10-09T08:33:25","guid":{"rendered":"http:\/\/daj-szanse.eu\/?page_id=909"},"modified":"2017-09-15T14:14:13","modified_gmt":"2017-09-15T12:14:13","slug":"viii-edycja-zaczka","status":"publish","type":"page","link":"https:\/\/daj-szanse.eu\/?page_id=909","title":{"rendered":"VIII edycja &#8222;\u017baczka&#8221; 2013\/2014"},"content":{"rendered":"<p>Stypendy\u015bci programu \u017baczek -rok szkolny 2013\/2014<\/p>\n<table width=\"388\" border=\"0\" cellspacing=\"0\" cellpadding=\"0\">\n<tbody>\n<tr>\n<td width=\"64\" height=\"22\"><\/td>\n<td width=\"188\"><\/td>\n<td width=\"64\"><\/td>\n<td width=\"64\"><\/td>\n<\/tr>\n<tr>\n<td align=\"right\" height=\"22\">1<\/td>\n<td>Biadu\u0144 Ewelina<\/td>\n<td>II LO<\/td>\n<td><\/td>\n<\/tr>\n<tr>\n<td align=\"right\" height=\"22\">2<\/td>\n<td>Bia\u0142ek Aleksandra<\/td>\n<td>II LO<\/td>\n<td><\/td>\n<\/tr>\n<tr>\n<td align=\"right\" height=\"22\">3<\/td>\n<td>B\u0142ach Katarzyna<\/td>\n<td>I LO<\/td>\n<td><\/td>\n<\/tr>\n<tr>\n<td align=\"right\" height=\"22\">4<\/td>\n<td>Derdak Tomasz<\/td>\n<td>I LO<\/td>\n<td><\/td>\n<\/tr>\n<tr>\n<td align=\"right\" height=\"22\">5<\/td>\n<td>Giba\u0142a Krzysztof<\/td>\n<td>ZSE<\/td>\n<td><\/td>\n<\/tr>\n<tr>\n<td align=\"right\" height=\"22\">6<\/td>\n<td>Goli\u0144ska Dominika<\/td>\n<td>ZSE<\/td>\n<td><\/td>\n<\/tr>\n<tr>\n<td align=\"right\" height=\"22\">7<\/td>\n<td>Grzyb Milena<\/td>\n<td>ZST-M<\/td>\n<td><\/td>\n<\/tr>\n<tr>\n<td align=\"right\" height=\"22\">8<\/td>\n<td>Karczemna Natalia<\/td>\n<td>ZSS-U<\/td>\n<td><\/td>\n<\/tr>\n<tr>\n<td align=\"right\" height=\"22\">9<\/td>\n<td>Kloczkowska Paulina<\/td>\n<td>I LO<\/td>\n<td><\/td>\n<\/tr>\n<tr>\n<td align=\"right\" height=\"22\">10<\/td>\n<td>Kope\u0107 Aleksandra<\/td>\n<td>I LO<\/td>\n<td><\/td>\n<\/tr>\n<tr>\n<td align=\"right\" height=\"22\">11<\/td>\n<td>Kowalczyk Agnieszka<\/td>\n<td>II LO<\/td>\n<td><\/td>\n<\/tr>\n<tr>\n<td align=\"right\" height=\"22\">12<\/td>\n<td>Lacko Ewa<\/td>\n<td>ZSS-U<\/td>\n<td><\/td>\n<\/tr>\n<tr>\n<td align=\"right\" height=\"22\">13<\/td>\n<td>Lesiak Dorota<\/td>\n<td>II LO<\/td>\n<td><\/td>\n<\/tr>\n<tr>\n<td align=\"right\" height=\"22\">14<\/td>\n<td>\u0141ysogir Aleksandra<\/td>\n<td>I LO<\/td>\n<td><\/td>\n<\/tr>\n<tr>\n<td align=\"right\" height=\"22\">15<\/td>\n<td>Mackiewicz Paulina<\/td>\n<td>I LO<\/td>\n<td><\/td>\n<\/tr>\n<tr>\n<td align=\"right\" height=\"22\">16<\/td>\n<td>Mastalerz\u00a0 Dawid<\/td>\n<td>I LO<\/td>\n<td><\/td>\n<\/tr>\n<tr>\n<td align=\"right\" height=\"22\">17<\/td>\n<td>M\u0142ynarczyk Artur<\/td>\n<td>ZSE<\/td>\n<td><\/td>\n<\/tr>\n<tr>\n<td align=\"right\" height=\"22\">18<\/td>\n<td>Ngo Ngoc Klaudia<\/td>\n<td>ZSE<\/td>\n<td><\/td>\n<\/tr>\n<tr>\n<td align=\"right\" height=\"22\">19<\/td>\n<td>Nguyen Van Bartosz<\/td>\n<td>I LO<\/td>\n<td><\/td>\n<\/tr>\n<tr>\n<td align=\"right\" height=\"22\">20<\/td>\n<td>Ostrowska Anna<\/td>\n<td>ZSE<\/td>\n<td><\/td>\n<\/tr>\n<tr>\n<td align=\"right\" height=\"22\">21<\/td>\n<td>Parszewska Aleksandra<\/td>\n<td>I LO<\/td>\n<td><\/td>\n<\/tr>\n<tr>\n<td align=\"right\" height=\"22\">22<\/td>\n<td>Pi\u0119tak Karina<\/td>\n<td>I LO<\/td>\n<td><\/td>\n<\/tr>\n<tr>\n<td align=\"right\" height=\"22\">23<\/td>\n<td>Pl\u0105sek Izabela<\/td>\n<td>I LO<\/td>\n<td><\/td>\n<\/tr>\n<tr>\n<td align=\"right\" height=\"22\">24<\/td>\n<td>Podlewska Aleksandra<\/td>\n<td>I LO<\/td>\n<td><\/td>\n<\/tr>\n<tr>\n<td align=\"right\" height=\"22\">25<\/td>\n<td>Salamaga Klaudia<\/td>\n<td>II LO<\/td>\n<td><\/td>\n<\/tr>\n<tr>\n<td align=\"right\" height=\"22\">26<\/td>\n<td>Sasal Agata<\/td>\n<td>II LO<\/td>\n<td><\/td>\n<\/tr>\n<tr>\n<td align=\"right\" height=\"22\">27<\/td>\n<td>Skrzypczy\u0144ski Przemys\u0142aw<\/td>\n<td>I LO<\/td>\n<td><\/td>\n<\/tr>\n<tr>\n<td align=\"right\" height=\"22\">28<\/td>\n<td>St\u0119pie\u0144\u00a0 Emilia<\/td>\n<td>I LO<\/td>\n<td><\/td>\n<\/tr>\n<tr>\n<td align=\"right\" height=\"22\">29<\/td>\n<td>St\u0119pie\u0144 Weronika<\/td>\n<td>I LO<\/td>\n<td><\/td>\n<\/tr>\n<tr>\n<td align=\"right\" height=\"22\">30<\/td>\n<td>Szl\u0119zak Mateusz<\/td>\n<td>IV LO Kielce<\/td>\n<td><\/td>\n<\/tr>\n<tr>\n<td align=\"right\" height=\"22\">31<\/td>\n<td>\u015awi\u0105tek Agata<\/td>\n<td>II LO<\/td>\n<td><\/td>\n<\/tr>\n<tr>\n<td align=\"right\" height=\"22\">32<\/td>\n<td>Tusie\u0144 Karolina<\/td>\n<td>ZSE<\/td>\n<td><\/td>\n<\/tr>\n<\/tbody>\n<\/table>\n","protected":false},"excerpt":{"rendered":"<p>Stypendy\u015bci programu \u017baczek -rok szkolny 2013\/2014 1 Biadu\u0144 Ewelina II LO 2 Bia\u0142ek Aleksandra II LO 3 B\u0142ach Katarzyna I LO 4 Derdak Tomasz I LO 5 Giba\u0142a Krzysztof ZSE 6 Goli\u0144ska Dominika ZSE 7 Grzyb Milena ZST-M 8 Karczemna Natalia ZSS-U 9 Kloczkowska Paulina I LO 10 Kope\u0107 Aleksandra I LO 11 Kowalczyk Agnieszka [&hellip;]<\/p>\n","protected":false},"author":1,"featured_media":0,"parent":127,"menu_order":14,"comment_status":"open","ping_status":"open","template":"","meta":[],"_links":{"self":[{"href":"https:\/\/daj-szanse.eu\/index.php?rest_route=\/wp\/v2\/pages\/909"}],"collection":[{"href":"https:\/\/daj-szanse.eu\/index.php?rest_route=\/wp\/v2\/pages"}],"about":[{"href":"https:\/\/daj-szanse.eu\/index.php?rest_route=\/wp\/v2\/types\/page"}],"author":[{"embeddable":true,"href":"https:\/\/daj-szanse.eu\/index.php?rest_route=\/wp\/v2\/users\/1"}],"replies":[{"embeddable":true,"href":"https:\/\/daj-szanse.eu\/index.php?rest_route=%2Fwp%2Fv2%2Fcomments&post=909"}],"version-history":[{"count":11,"href":"https:\/\/daj-szanse.eu\/index.php?rest_route=\/wp\/v2\/pages\/909\/revisions"}],"predecessor-version":[{"id":1899,"href":"https:\/\/daj-szanse.eu\/index.php?rest_route=\/wp\/v2\/pages\/909\/revisions\/1899"}],"up":[{"embeddable":true,"href":"https:\/\/daj-szanse.eu\/index.php?rest_route=\/wp\/v2\/pages\/127"}],"wp:attachment":[{"href":"https:\/\/daj-szanse.eu\/index.php?rest_route=%2Fwp%2Fv2%2Fmedia&parent=909"}],"curies":[{"name":"wp","href":"https:\/\/api.w.org\/{rel}","templated":true}]}}