{"id":557,"date":"2012-10-04T22:05:51","date_gmt":"2012-10-04T20:05:51","guid":{"rendered":"http:\/\/daj-szanse.eu\/?page_id=557"},"modified":"2017-09-15T14:14:31","modified_gmt":"2017-09-15T12:14:31","slug":"stypendia-twoja-szansa","status":"publish","type":"page","link":"https:\/\/daj-szanse.eu\/?page_id=557","title":{"rendered":"Stypendia-Twoj\u0105 Szans\u0105"},"content":{"rendered":"<p>Stypendy\u015bci Programu Stypendia-Twoj\u0105 Szans\u0105-rok szkolny 2012\/2013<\/p>\n<p>1. Bartosik Aleksandra- I LO<\/p>\n<p>2. Barwicki Bart\u0142omiej &#8211; II LO<\/p>\n<p>3. Bia\u0142ek Aleksandra &#8211; II LO<\/p>\n<p>4. Borowiec Paulina &#8211; III LO<\/p>\n<p>5. Chojak Emilia &#8211; I LO<\/p>\n<p>6. Cia\u015b Agata &#8211; I LO<\/p>\n<p>7. Czajka Anna &#8211; III LO<\/p>\n<p>8. Filipek Adriana &#8211; I LO<\/p>\n<p>9. G\u0119bicka Karolina &#8211; I LO<\/p>\n<p>10. Giermakowska Agnieszka &#8211; I LO<\/p>\n<p>11. Grzyb Klaudia &#8211; I LO<\/p>\n<p>12. Grzybowska Maja \u00a0&#8211; I LO<\/p>\n<p>13. Jab\u0142o\u0144ska Ma\u0142gorzta &#8211; I LO<\/p>\n<p>14. K\u0119pa Piotr &#8211; III LO<\/p>\n<p>15. Kowalczyk Agnieszka &#8211; II LO<\/p>\n<p>16. Koz\u0142owska Sandra &#8211; I LO<\/p>\n<p>17. Lesiak Dorota &#8211; II LO<\/p>\n<p>18. \u0141ysogir Aleksandra &#8211; I LO<\/p>\n<p>19. Mackiewicz Paulina &#8211; I LO<\/p>\n<p>20. Matysek Konrad &#8211; I LO<\/p>\n<p>21. M\u0142ynek Mateusz &#8211; I LO<\/p>\n<p>22. Siadkowski Maciej &#8211; I LO<\/p>\n<p>23. Skowron Piotr &#8211; I LO<\/p>\n<p>24. St\u0119pie\u0144 Emilia &#8211; I LO<\/p>\n<p>25. Suligowska Nina &#8211; II LO<\/p>\n<p>26. Szersze\u0144 Urszula &#8211; II LO<\/p>\n<p>27. Szl\u0119zak Mateusz &#8211; IV LO Kielce<\/p>\n<p>28. \u015aliwi\u0144ska Katarzyna &#8211; II LO<\/p>\n<p>29. Tokarczyk Magdalena &#8211; II LO<\/p>\n<p>30. Waglewska Ewelina &#8211; I LO<\/p>\n<p>[singlepic id=321 w=320 h=240 float=none]<br \/>\n[singlepic id=320 w=320 h=240 float=none]<br \/>\n[singlepic id=319 w=320 h=240 float=none]<\/p>\n","protected":false},"excerpt":{"rendered":"<p>Stypendy\u015bci Programu Stypendia-Twoj\u0105 Szans\u0105-rok szkolny 2012\/2013 1. Bartosik Aleksandra- I LO 2. Barwicki Bart\u0142omiej &#8211; II LO 3. Bia\u0142ek Aleksandra &#8211; II LO 4. Borowiec Paulina &#8211; III LO 5. Chojak Emilia &#8211; I LO 6. Cia\u015b Agata &#8211; I LO 7. Czajka Anna &#8211; III LO 8. Filipek Adriana &#8211; I LO 9. G\u0119bicka [&hellip;]<\/p>\n","protected":false},"author":1,"featured_media":0,"parent":127,"menu_order":13,"comment_status":"open","ping_status":"open","template":"","meta":[],"_links":{"self":[{"href":"https:\/\/daj-szanse.eu\/index.php?rest_route=\/wp\/v2\/pages\/557"}],"collection":[{"href":"https:\/\/daj-szanse.eu\/index.php?rest_route=\/wp\/v2\/pages"}],"about":[{"href":"https:\/\/daj-szanse.eu\/index.php?rest_route=\/wp\/v2\/types\/page"}],"author":[{"embeddable":true,"href":"https:\/\/daj-szanse.eu\/index.php?rest_route=\/wp\/v2\/users\/1"}],"replies":[{"embeddable":true,"href":"https:\/\/daj-szanse.eu\/index.php?rest_route=%2Fwp%2Fv2%2Fcomments&post=557"}],"version-history":[{"count":9,"href":"https:\/\/daj-szanse.eu\/index.php?rest_route=\/wp\/v2\/pages\/557\/revisions"}],"predecessor-version":[{"id":564,"href":"https:\/\/daj-szanse.eu\/index.php?rest_route=\/wp\/v2\/pages\/557\/revisions\/564"}],"up":[{"embeddable":true,"href":"https:\/\/daj-szanse.eu\/index.php?rest_route=\/wp\/v2\/pages\/127"}],"wp:attachment":[{"href":"https:\/\/daj-szanse.eu\/index.php?rest_route=%2Fwp%2Fv2%2Fmedia&parent=557"}],"curies":[{"name":"wp","href":"https:\/\/api.w.org\/{rel}","templated":true}]}}