{"id":552,"date":"2012-10-04T21:58:22","date_gmt":"2012-10-04T19:58:22","guid":{"rendered":"http:\/\/daj-szanse.eu\/?page_id=552"},"modified":"2015-08-12T11:25:07","modified_gmt":"2015-08-12T09:25:07","slug":"vii-edycja-zaczka","status":"publish","type":"page","link":"https:\/\/daj-szanse.eu\/?page_id=552","title":{"rendered":"VII edycja &#8222;\u017baczka&#8221; 2012\/2013"},"content":{"rendered":"<p>Stypendy\u015bci programu \u017baczek -rok szkolny 2012\/2013<\/p>\n<p>1. Biesaga Patryk I LO<\/p>\n<p>2. Bi\u0144kowski Albert ZSE<\/p>\n<p>3. Minda Dominika I LO<\/p>\n<p>4. Ngo Ngoc Klaudia Trang ZSE<\/p>\n<p>5. Ok\u0142a Paulina I LO<\/p>\n<p>6. Popielska Ma\u0142gorzata ZSE<\/p>\n<p>7. Skonieczko Ma\u0142gorzata ZSE<\/p>\n<p>8. S\u0142awi\u0144ska Martyna ZSE<\/p>\n<p>9. Surma Aleksandra ZSE<\/p>\n<p>10. Szczygie\u0142 Anna I LO<\/p>\n<p>11. Zar\u0119ba Roberta I LO<\/p>\n<p>12. Zugaj Micha\u0142 I LO<\/p>\n<p><a href=\"http:\/\/daj-szanse.eu\/wp-content\/uploads\/stypendysci2.jpg\"><img loading=\"lazy\" class=\"alignnone size-thumbnail wp-image-566\" title=\"stypendysci2\" src=\"http:\/\/daj-szanse.eu\/wp-content\/uploads\/stypendysci2-150x150.jpg\" alt=\"\" width=\"150\" height=\"150\" \/><\/a>\u00a0<a href=\"http:\/\/daj-szanse.eu\/wp-content\/uploads\/DSC_3081.jpg\"><img loading=\"lazy\" class=\"alignnone size-thumbnail wp-image-533\" title=\"DSC_3081\" src=\"http:\/\/daj-szanse.eu\/wp-content\/uploads\/DSC_3081-150x150.jpg\" alt=\"\" width=\"150\" height=\"150\" \/><\/a>\u00a0<a href=\"http:\/\/daj-szanse.eu\/wp-content\/uploads\/stypend3.jpg\"><img loading=\"lazy\" class=\"alignnone size-thumbnail wp-image-567\" title=\"stypend3\" src=\"http:\/\/daj-szanse.eu\/wp-content\/uploads\/stypend3-150x150.jpg\" alt=\"\" width=\"150\" height=\"150\" \/><\/a><\/p>\n<p>&nbsp;<\/p>\n","protected":false},"excerpt":{"rendered":"<p>Stypendy\u015bci programu \u017baczek -rok szkolny 2012\/2013 1. Biesaga Patryk I LO 2. Bi\u0144kowski Albert ZSE 3. Minda Dominika I LO 4. Ngo Ngoc Klaudia Trang ZSE 5. Ok\u0142a Paulina I LO 6. Popielska Ma\u0142gorzata ZSE 7. Skonieczko Ma\u0142gorzata ZSE 8. S\u0142awi\u0144ska Martyna ZSE 9. Surma Aleksandra ZSE 10. Szczygie\u0142 Anna I LO 11. Zar\u0119ba Roberta [&hellip;]<\/p>\n","protected":false},"author":1,"featured_media":0,"parent":127,"menu_order":13,"comment_status":"open","ping_status":"open","template":"","meta":[],"_links":{"self":[{"href":"https:\/\/daj-szanse.eu\/index.php?rest_route=\/wp\/v2\/pages\/552"}],"collection":[{"href":"https:\/\/daj-szanse.eu\/index.php?rest_route=\/wp\/v2\/pages"}],"about":[{"href":"https:\/\/daj-szanse.eu\/index.php?rest_route=\/wp\/v2\/types\/page"}],"author":[{"embeddable":true,"href":"https:\/\/daj-szanse.eu\/index.php?rest_route=\/wp\/v2\/users\/1"}],"replies":[{"embeddable":true,"href":"https:\/\/daj-szanse.eu\/index.php?rest_route=%2Fwp%2Fv2%2Fcomments&post=552"}],"version-history":[{"count":6,"href":"https:\/\/daj-szanse.eu\/index.php?rest_route=\/wp\/v2\/pages\/552\/revisions"}],"predecessor-version":[{"id":1385,"href":"https:\/\/daj-szanse.eu\/index.php?rest_route=\/wp\/v2\/pages\/552\/revisions\/1385"}],"up":[{"embeddable":true,"href":"https:\/\/daj-szanse.eu\/index.php?rest_route=\/wp\/v2\/pages\/127"}],"wp:attachment":[{"href":"https:\/\/daj-szanse.eu\/index.php?rest_route=%2Fwp%2Fv2%2Fmedia&parent=552"}],"curies":[{"name":"wp","href":"https:\/\/api.w.org\/{rel}","templated":true}]}}