{"id":322,"date":"2012-01-11T13:57:28","date_gmt":"2012-01-11T12:57:28","guid":{"rendered":"http:\/\/daj-szanse.eu\/?page_id=322"},"modified":"2024-09-20T13:08:13","modified_gmt":"2024-09-20T11:08:13","slug":"przekaz-1","status":"publish","type":"page","link":"https:\/\/daj-szanse.eu\/?page_id=322","title":{"rendered":"Przeka\u017c 1%"},"content":{"rendered":"<p><strong style=\"color: #3366ff;\"><a href=\"https:\/\/daj-szanse.eu\/wp-content\/uploads\/grafika-1-5-procent-nowy-krakers-3x2-1.png\"><img loading=\"lazy\" class=\"alignnone  wp-image-3208\" src=\"https:\/\/daj-szanse.eu\/wp-content\/uploads\/grafika-1-5-procent-nowy-krakers-3x2-1.png\" alt=\"\" width=\"203\" height=\"135\" srcset=\"https:\/\/daj-szanse.eu\/wp-content\/uploads\/grafika-1-5-procent-nowy-krakers-3x2-1.png 1200w, https:\/\/daj-szanse.eu\/wp-content\/uploads\/grafika-1-5-procent-nowy-krakers-3x2-1-768x512.png 768w\" sizes=\"(max-width: 203px) 100vw, 203px\" \/> \u00a0<\/a>Przeka\u017c 1,5% dla FUNDACJI \u201eDAJ SZANS\u0118\u201d i pom\u00f3\u017c kszta\u0142ci\u0107 si\u0119 zdolnym uczniom z powiatu skar\u017cyskiego.<\/strong><\/p>\n<p><span style=\"color: #ff6600;\"><strong>Wystarczy jedynie wpisa\u0107 w zeznaniu podatkowym nasz numer KRS: 0000015435<\/strong><\/span><\/p>\n<p>Wp\u0142aty z 1,5% stanowi\u0105 podstaw\u0119 dzia\u0142alno\u015bci Fundacji \u201eDaj Szans\u0119\u201d, mi\u0119dzy innymi dzi\u0119ki tym wp\u0142atom uda\u0142o si\u0119 obj\u0105\u0107 pomoc\u0105 stypendialn\u0105 ponad 700 uczni\u00f3w na kwot\u0119 ponad 1 mln z\u0142otych.<\/p>\n<p><span style=\"color: #ff6600;\"><strong>Sprawd\u017a, czy mo\u017cesz przekaza\u0107 1,5% podatku organizacjom<\/strong><\/span><\/p>\n<p>1,5% podatku dochodowego mog\u0105 przekaza\u0107 organizacjom:<\/p>\n<p>\u2022 podatnicy podatku dochodowego od os\u00f3b fizycznych (w tym m.in. podatnicy uzyskuj\u0105cy dochody z odp\u0142atnego zbycia papier\u00f3w warto\u015bciowych);<\/p>\n<p>\u2022 podatnicy opodatkowani rycza\u0142tem od przychod\u00f3w ewidencjonowanych;<\/p>\n<p>\u2022 podatnicy prowadz\u0105cy dzia\u0142alno\u015b\u0107 gospodarcz\u0105 i korzystaj\u0105cy z liniowej, 19-procentowej stawki podatku.<\/p>\n<p>1,5% mog\u0105 przekaza\u0107 r\u00f3wnie\u017c emeryci.<\/p>\n<p><span style=\"color: #ff6600;\"><strong>Ka\u017cdy mo\u017ce zosta\u0107 darczy\u0144c\u0105 i wspom\u00f3c nasz\u0105 dzia\u0142alno\u015b\u0107.<\/strong><\/span><\/p>\n<p><span style=\"color: #ff6600;\"><strong>Liczy si\u0119 ka\u017cda z\u0142ot\u00f3wka.<\/strong><\/span><\/p>\n<p><span style=\"color: #ff6600;\"><strong>Za wszelk\u0105 pomoc serdecznie dzi\u0119kujemy.<\/strong><\/span><\/p>\n","protected":false},"excerpt":{"rendered":"<p>\u00a0Przeka\u017c 1,5% dla FUNDACJI \u201eDAJ SZANS\u0118\u201d i pom\u00f3\u017c kszta\u0142ci\u0107 si\u0119 zdolnym uczniom z powiatu skar\u017cyskiego. Wystarczy jedynie wpisa\u0107 w zeznaniu podatkowym nasz numer KRS: 0000015435 Wp\u0142aty z 1,5% stanowi\u0105 podstaw\u0119 dzia\u0142alno\u015bci Fundacji \u201eDaj Szans\u0119\u201d, mi\u0119dzy innymi dzi\u0119ki tym wp\u0142atom uda\u0142o si\u0119 obj\u0105\u0107 pomoc\u0105 stypendialn\u0105 ponad 700 uczni\u00f3w na kwot\u0119 ponad 1 mln z\u0142otych. Sprawd\u017a, czy [&hellip;]<\/p>\n","protected":false},"author":1,"featured_media":0,"parent":0,"menu_order":4,"comment_status":"open","ping_status":"open","template":"","meta":[],"_links":{"self":[{"href":"https:\/\/daj-szanse.eu\/index.php?rest_route=\/wp\/v2\/pages\/322"}],"collection":[{"href":"https:\/\/daj-szanse.eu\/index.php?rest_route=\/wp\/v2\/pages"}],"about":[{"href":"https:\/\/daj-szanse.eu\/index.php?rest_route=\/wp\/v2\/types\/page"}],"author":[{"embeddable":true,"href":"https:\/\/daj-szanse.eu\/index.php?rest_route=\/wp\/v2\/users\/1"}],"replies":[{"embeddable":true,"href":"https:\/\/daj-szanse.eu\/index.php?rest_route=%2Fwp%2Fv2%2Fcomments&post=322"}],"version-history":[{"count":9,"href":"https:\/\/daj-szanse.eu\/index.php?rest_route=\/wp\/v2\/pages\/322\/revisions"}],"predecessor-version":[{"id":3209,"href":"https:\/\/daj-szanse.eu\/index.php?rest_route=\/wp\/v2\/pages\/322\/revisions\/3209"}],"wp:attachment":[{"href":"https:\/\/daj-szanse.eu\/index.php?rest_route=%2Fwp%2Fv2%2Fmedia&parent=322"}],"curies":[{"name":"wp","href":"https:\/\/api.w.org\/{rel}","templated":true}]}}