{"id":2651,"date":"2021-10-08T13:29:14","date_gmt":"2021-10-08T11:29:14","guid":{"rendered":"https:\/\/daj-szanse.eu\/?page_id=2651"},"modified":"2021-10-08T13:29:14","modified_gmt":"2021-10-08T11:29:14","slug":"xiv-edycja-zaczka-2019-2020","status":"publish","type":"page","link":"https:\/\/daj-szanse.eu\/?page_id=2651","title":{"rendered":"XIV edycja &#8222;\u017baczka&#8221; 2019\/2020"},"content":{"rendered":"<p><strong>Stypendy\u015bci Programu \u201e\u017baczek\u201d na rok szkolny 2019\/2020:<\/strong><\/p>\n<p>1. Bogusiewicz KatarzynaI LO<\/p>\n<p>2. Borek KatarzynaI LO<\/p>\n<p>3. Czarnota KatarzynaI LO<\/p>\n<p>4. G\u0105ska AleksandraI LO<\/p>\n<p>5. G\u0142ady\u015b MariaI LO<\/p>\n<p>6. Gralec AnitaI LO<\/p>\n<p>7. Kuli\u0144ska JuliaI LO<\/p>\n<p>8. Lisowska IzabelaZST<\/p>\n<p>9. Magiera \u0141ukaszZST<\/p>\n<p>10. Obara PaulinaZSE<\/p>\n<p>11. Paw\u0142owska MartynaI LO<\/p>\n<p>12. Przeworska PatrycjaZSE<\/p>\n<p>13. Ro\u017cek NataliaZSE<\/p>\n<p>14. Synowiec MartynaZSE<\/p>\n<p>15. Szafra\u0144ska NataliaI LO<\/p>\n<p><img loading=\"lazy\" class=\"\" src=\"https:\/\/d-nm.ppstatic.pl\/kadr\/k\/r\/f9\/d2\/5ddada3550569_o,size,933x0,q,70,h,c07106.jpg\" alt=\"W niedziel\u0119 w Pa\u0144stwowej Szkole Muzycznej I stopnia w Skar\u017cysku - Kamiennej odby\u0142 si\u0119 40 koncert charytatywny Fundacji Daj Szans\u0119\" width=\"840\" height=\"558\" \/><\/p>\n","protected":false},"excerpt":{"rendered":"<p>Stypendy\u015bci Programu \u201e\u017baczek\u201d na rok szkolny 2019\/2020: 1. Bogusiewicz KatarzynaI LO 2. Borek KatarzynaI LO 3. Czarnota KatarzynaI LO 4. G\u0105ska AleksandraI LO 5. G\u0142ady\u015b MariaI LO 6. Gralec AnitaI LO 7. Kuli\u0144ska JuliaI LO 8. Lisowska IzabelaZST 9. Magiera \u0141ukaszZST 10. Obara PaulinaZSE 11. Paw\u0142owska MartynaI LO 12. Przeworska PatrycjaZSE 13. Ro\u017cek NataliaZSE 14. [&hellip;]<\/p>\n","protected":false},"author":1,"featured_media":0,"parent":0,"menu_order":0,"comment_status":"closed","ping_status":"closed","template":"","meta":[],"_links":{"self":[{"href":"https:\/\/daj-szanse.eu\/index.php?rest_route=\/wp\/v2\/pages\/2651"}],"collection":[{"href":"https:\/\/daj-szanse.eu\/index.php?rest_route=\/wp\/v2\/pages"}],"about":[{"href":"https:\/\/daj-szanse.eu\/index.php?rest_route=\/wp\/v2\/types\/page"}],"author":[{"embeddable":true,"href":"https:\/\/daj-szanse.eu\/index.php?rest_route=\/wp\/v2\/users\/1"}],"replies":[{"embeddable":true,"href":"https:\/\/daj-szanse.eu\/index.php?rest_route=%2Fwp%2Fv2%2Fcomments&post=2651"}],"version-history":[{"count":1,"href":"https:\/\/daj-szanse.eu\/index.php?rest_route=\/wp\/v2\/pages\/2651\/revisions"}],"predecessor-version":[{"id":2652,"href":"https:\/\/daj-szanse.eu\/index.php?rest_route=\/wp\/v2\/pages\/2651\/revisions\/2652"}],"wp:attachment":[{"href":"https:\/\/daj-szanse.eu\/index.php?rest_route=%2Fwp%2Fv2%2Fmedia&parent=2651"}],"curies":[{"name":"wp","href":"https:\/\/api.w.org\/{rel}","templated":true}]}}