{"id":2640,"date":"2021-10-08T12:26:14","date_gmt":"2021-10-08T10:26:14","guid":{"rendered":"https:\/\/daj-szanse.eu\/?page_id=2640"},"modified":"2021-10-08T12:26:55","modified_gmt":"2021-10-08T10:26:55","slug":"xiii-edycja-zaczka-2018-2019","status":"publish","type":"page","link":"https:\/\/daj-szanse.eu\/?page_id=2640","title":{"rendered":"XIII edycja &#8222;\u017baczka&#8221; 2018\/2019"},"content":{"rendered":"<p><strong>Stypendy\u015bci Programu \u201e\u017baczek\u201d na rok szkolny 2016\/2019:<\/strong><\/p>\n<ol>\n<li>Bogusiewicz Katarzyna I LO<\/li>\n<li>Czarnota Katarzyna I LO<\/li>\n<li>D\u0105browska Zuzanna I LO<\/li>\n<li>Dwojak Izabela ZSE<\/li>\n<li>G\u00f3rniak Julia I LO<\/li>\n<li>Kuszewska Magdalena I LO<\/li>\n<li>Lisowska Izabela ZST<\/li>\n<li>Magiera \u0141ukasz ZST<\/li>\n<li>Nowaczkiewicz Natalia I LO<\/li>\n<li>P\u00f3\u0142torak Maria II LO<\/li>\n<li>\u015awitek Aleksandra ZSE<\/li>\n<li>Zag\u00f3rska Aleksandra LO Kr\u00f3lowej Jadwigi<\/li>\n<\/ol>\n<p><img loading=\"lazy\" class=\"alignleft\" src=\"http:\/\/daj-szanse.eu\/wp-content\/uploads\/43-koncert-daj-szanse-007.jpg\" alt=\"\" width=\"468\" height=\"312\" \/><\/p>\n<p><img src=\"http:\/\/daj-szanse.eu\/wp-content\/uploads\/73.jpg\" \/><\/p>\n<p><img loading=\"lazy\" class=\"alignleft\" src=\"http:\/\/daj-szanse.eu\/wp-content\/uploads\/43-koncert-daj-szanse-016.jpg\" alt=\"\" width=\"551\" height=\"368\" \/><\/p>\n","protected":false},"excerpt":{"rendered":"<p>Stypendy\u015bci Programu \u201e\u017baczek\u201d na rok szkolny 2016\/2019: Bogusiewicz Katarzyna I LO Czarnota Katarzyna I LO D\u0105browska Zuzanna I LO Dwojak Izabela ZSE G\u00f3rniak Julia I LO Kuszewska Magdalena I LO Lisowska Izabela ZST Magiera \u0141ukasz ZST Nowaczkiewicz Natalia I LO P\u00f3\u0142torak Maria II LO \u015awitek Aleksandra ZSE Zag\u00f3rska Aleksandra LO Kr\u00f3lowej Jadwigi<\/p>\n","protected":false},"author":1,"featured_media":0,"parent":0,"menu_order":0,"comment_status":"closed","ping_status":"closed","template":"","meta":[],"_links":{"self":[{"href":"https:\/\/daj-szanse.eu\/index.php?rest_route=\/wp\/v2\/pages\/2640"}],"collection":[{"href":"https:\/\/daj-szanse.eu\/index.php?rest_route=\/wp\/v2\/pages"}],"about":[{"href":"https:\/\/daj-szanse.eu\/index.php?rest_route=\/wp\/v2\/types\/page"}],"author":[{"embeddable":true,"href":"https:\/\/daj-szanse.eu\/index.php?rest_route=\/wp\/v2\/users\/1"}],"replies":[{"embeddable":true,"href":"https:\/\/daj-szanse.eu\/index.php?rest_route=%2Fwp%2Fv2%2Fcomments&post=2640"}],"version-history":[{"count":2,"href":"https:\/\/daj-szanse.eu\/index.php?rest_route=\/wp\/v2\/pages\/2640\/revisions"}],"predecessor-version":[{"id":2643,"href":"https:\/\/daj-szanse.eu\/index.php?rest_route=\/wp\/v2\/pages\/2640\/revisions\/2643"}],"wp:attachment":[{"href":"https:\/\/daj-szanse.eu\/index.php?rest_route=%2Fwp%2Fv2%2Fmedia&parent=2640"}],"curies":[{"name":"wp","href":"https:\/\/api.w.org\/{rel}","templated":true}]}}