{"id":2636,"date":"2021-10-08T11:58:07","date_gmt":"2021-10-08T09:58:07","guid":{"rendered":"https:\/\/daj-szanse.eu\/?page_id=2636"},"modified":"2021-10-08T13:09:26","modified_gmt":"2021-10-08T11:09:26","slug":"xii-edycja-zaczka-2017-2018","status":"publish","type":"page","link":"https:\/\/daj-szanse.eu\/?page_id=2636","title":{"rendered":"XII edycja &#8222;\u017baczka&#8221; 2017\/2018"},"content":{"rendered":"<p>Stypendy\u015bci Programu \u017baczek na rok szkolny 2017\/2018<\/p>\n<table border=\"0\" width=\"459\" cellspacing=\"0\" cellpadding=\"0\">\n<tbody>\n<tr>\n<td width=\"64\" height=\"20\">1<\/td>\n<td width=\"199\">Bogusiewicz Katarzyna<\/td>\n<td width=\"196\">I LO<\/td>\n<\/tr>\n<tr>\n<td height=\"20\">2<\/td>\n<td>Cie\u015blak Paulina<\/td>\n<td>V LO w Kielcach<\/td>\n<\/tr>\n<tr>\n<td height=\"20\">3<\/td>\n<td>Ciura Ewelina<\/td>\n<td>I LO<\/td>\n<\/tr>\n<tr>\n<td height=\"20\">4<\/td>\n<td>Drabik Jakub<\/td>\n<td>ZST<\/td>\n<\/tr>\n<tr>\n<td height=\"20\">5<\/td>\n<td>Dwojak Izabela<\/td>\n<td>ZSE<\/td>\n<\/tr>\n<tr>\n<td height=\"20\">6<\/td>\n<td>Go\u0142osz Oliwia<\/td>\n<td>II LO<\/td>\n<\/tr>\n<tr>\n<td height=\"20\">7<\/td>\n<td>G\u00f3recka Gabriela<\/td>\n<td>II LO<\/td>\n<\/tr>\n<tr>\n<td height=\"20\">8<\/td>\n<td>G\u00f3rniak Julia<\/td>\n<td>I LO<\/td>\n<\/tr>\n<tr>\n<td height=\"20\">9<\/td>\n<td>Kaba\u0142a Dawid<\/td>\n<td>ZSE<\/td>\n<\/tr>\n<tr>\n<td height=\"20\">10<\/td>\n<td>Kijak Jakub<\/td>\n<td>II LO<\/td>\n<\/tr>\n<tr>\n<td height=\"20\">11<\/td>\n<td>Kolano Juliusz<\/td>\n<td>II LO<\/td>\n<\/tr>\n<tr>\n<td height=\"20\">12<\/td>\n<td>Krzemi\u0144ska Urszula<\/td>\n<td>I LO<\/td>\n<\/tr>\n<tr>\n<td height=\"20\">13<\/td>\n<td>Kuszewska Aleksandra<\/td>\n<td>II LO<\/td>\n<\/tr>\n<tr>\n<td height=\"20\">14<\/td>\n<td>Kuszewska Magdalena<\/td>\n<td>I LO<\/td>\n<\/tr>\n<tr>\n<td height=\"20\">15<\/td>\n<td>Lisowska Izabela<\/td>\n<td>ZST<\/td>\n<\/tr>\n<tr>\n<td height=\"20\">16<\/td>\n<td>Magiera \u0141ukasz<\/td>\n<td>ZST<\/td>\n<\/tr>\n<tr>\n<td height=\"20\">17<\/td>\n<td>Malinowska Dominika<\/td>\n<td>II LO<\/td>\n<\/tr>\n<tr>\n<td height=\"20\">18<\/td>\n<td>Nowaczkiewicz Natalia<\/td>\n<td>I LO<\/td>\n<\/tr>\n<tr>\n<td height=\"20\">19<\/td>\n<td>Pajdo Agata<\/td>\n<td>I LO<\/td>\n<\/tr>\n<tr>\n<td height=\"20\">20<\/td>\n<td>Papiewski Bartosz<\/td>\n<td>I LO<\/td>\n<\/tr>\n<tr>\n<td height=\"20\">21<\/td>\n<td>P\u00f3\u0142torak Marta<\/td>\n<td>II LO<\/td>\n<\/tr>\n<tr>\n<td height=\"20\">22<\/td>\n<td>Tu\u015bnio Ewelina<\/td>\n<td>I LO<\/td>\n<\/tr>\n<tr>\n<td height=\"20\">23<\/td>\n<td>Zag\u00f3rska Aleksandra<\/td>\n<td>LO im. \u015aw. Jadwigi w Kielcach<\/td>\n<\/tr>\n<tr>\n<td height=\"20\">24<\/td>\n<td>Zych Angelika<\/td>\n<td>I LO<\/td>\n<\/tr>\n<\/tbody>\n<\/table>\n<p><img loading=\"lazy\" class=\"\" src=\"http:\/\/daj-szanse.eu\/wp-content\/uploads\/stypendysci.jpg\" width=\"593\" height=\"331\" \/><\/p>\n<p><img loading=\"lazy\" class=\"\" src=\"http:\/\/daj-szanse.eu\/wp-content\/uploads\/kwesta.jpg\" width=\"605\" height=\"436\" \/><\/p>\n<p><a href=\"https:\/\/daj-szanse.eu\/wp-content\/uploads\/stypendysci-2017-2.jpg\"><img loading=\"lazy\" class=\"alignleft  wp-image-2647\" src=\"https:\/\/daj-szanse.eu\/wp-content\/uploads\/stypendysci-2017-2-250x141.jpg\" alt=\"\" width=\"303\" height=\"171\" \/><\/a> <a href=\"https:\/\/daj-szanse.eu\/wp-content\/uploads\/stypendysci-2017-1.jpg\"><img loading=\"lazy\" class=\"alignleft  wp-image-2648\" src=\"https:\/\/daj-szanse.eu\/wp-content\/uploads\/stypendysci-2017-1-250x141.jpg\" alt=\"\" width=\"297\" height=\"167\" \/><\/a><\/p>\n","protected":false},"excerpt":{"rendered":"<p>Stypendy\u015bci Programu \u017baczek na rok szkolny 2017\/2018 1 Bogusiewicz Katarzyna I LO 2 Cie\u015blak Paulina V LO w Kielcach 3 Ciura Ewelina I LO 4 Drabik Jakub ZST 5 Dwojak Izabela ZSE 6 Go\u0142osz Oliwia II LO 7 G\u00f3recka Gabriela II LO 8 G\u00f3rniak Julia I LO 9 Kaba\u0142a Dawid ZSE 10 Kijak Jakub II [&hellip;]<\/p>\n","protected":false},"author":1,"featured_media":0,"parent":0,"menu_order":0,"comment_status":"closed","ping_status":"closed","template":"","meta":[],"_links":{"self":[{"href":"https:\/\/daj-szanse.eu\/index.php?rest_route=\/wp\/v2\/pages\/2636"}],"collection":[{"href":"https:\/\/daj-szanse.eu\/index.php?rest_route=\/wp\/v2\/pages"}],"about":[{"href":"https:\/\/daj-szanse.eu\/index.php?rest_route=\/wp\/v2\/types\/page"}],"author":[{"embeddable":true,"href":"https:\/\/daj-szanse.eu\/index.php?rest_route=\/wp\/v2\/users\/1"}],"replies":[{"embeddable":true,"href":"https:\/\/daj-szanse.eu\/index.php?rest_route=%2Fwp%2Fv2%2Fcomments&post=2636"}],"version-history":[{"count":5,"href":"https:\/\/daj-szanse.eu\/index.php?rest_route=\/wp\/v2\/pages\/2636\/revisions"}],"predecessor-version":[{"id":2650,"href":"https:\/\/daj-szanse.eu\/index.php?rest_route=\/wp\/v2\/pages\/2636\/revisions\/2650"}],"wp:attachment":[{"href":"https:\/\/daj-szanse.eu\/index.php?rest_route=%2Fwp%2Fv2%2Fmedia&parent=2636"}],"curies":[{"name":"wp","href":"https:\/\/api.w.org\/{rel}","templated":true}]}}