{"id":2,"date":"2011-11-28T15:00:49","date_gmt":"2011-11-28T15:00:49","guid":{"rendered":"http:\/\/wezu.hostdmk.net\/dajszanse_n\/?page_id=2"},"modified":"2024-09-20T13:09:11","modified_gmt":"2024-09-20T11:09:11","slug":"przykladowa-strona","status":"publish","type":"page","link":"https:\/\/daj-szanse.eu\/?page_id=2","title":{"rendered":"O nas"},"content":{"rendered":"<p>Idea powo\u0142ania naszej fundacji zrodzi\u0142a si\u0119 w 1999 roku. Bezpo\u015bredni\u0105 inspiracj\u0105 by\u0142 los wybitnie utalentowanego ucznia Liceum Muzycznego im. F. Chopina w Krakowie, pochodz\u0105cego z powiatu skar\u017cyskiego. Irek mia\u0142 ju\u017c wtedy znacz\u0105ce sukcesy. Podziwiali\u015bmy Jego gr\u0119, talent, ale r\u00f3wnie\u017c ogromn\u0105 prac\u0119 i determinacj\u0119, hart ducha w pokonywaniu trudno\u015bci. Jednak ze wzgl\u0119du na sytuacj\u0119 \u017cyciow\u0105 grozi\u0142o mu przerwanie nauki w liceum.<br \/>\nWtedy te\u017c zrodzi\u0142 si\u0119 pomys\u0142 utworzenia fundacji.<\/p>\n<p>Celem naszej fundacji jest:<\/p>\n<p>\u2022 niesienie wszechstronnej pomocy niezamo\u017cnej m\u0142odzie\u017cy z terenu powiatu skar\u017cyskiego, szczeg\u00f3lnie uzdolnionej i osi\u0105gaj\u0105cej znacz\u0105ce sukcesy w dziedzinach: naukowej, artystycznej, literackiej, sportowej,<\/p>\n<p>\u2022 promowanie osi\u0105gni\u0119\u0107 stypendyst\u00f3w, szk\u00f3\u0142 i nauczycieli pracuj\u0105cych z m\u0142odzie\u017c\u0105 uzdolnion\u0105 m.in. po to, by wskazywa\u0107 wzorce osobowe godne na\u015bladowania,<\/p>\n<p>\u2022 wsp\u00f3\u0142praca z organizacjami i instytucjami realizuj\u0105cymi cele zbie\u017cne z celami fundacji.<\/p>\n<p>Fundacja \u201eDaj Szans\u0119\u201d swoje cele realizowa\u0142a przez:<\/p>\n<p>\u2022 przydzia\u0142 stypendi\u00f3w i nagr\u00f3d za osi\u0105gni\u0119cia,<\/p>\n<p>\u2022 finansowanie lub wsp\u00f3\u0142finansowanie udzia\u0142u m\u0142odzie\u017cy w obozach naukowych, warsztatach mistrzowskich, studiach podyplomowych,<\/p>\n<p>\u2022 wsp\u00f3\u0142finansowanie udzia\u0142u w konkursach i festiwalach w kraju i za granic\u0105,<\/p>\n<p>\u2022 organizacj\u0119 koncert\u00f3w charytatywnych, wystaw, aukcji, konkurs\u00f3w dla m\u0142odzie\u017cy,<\/p>\n<p>\u2022 finansowanie debiut\u00f3w literackich laureat\u00f3w konkurs\u00f3w.<\/p>\n","protected":false},"excerpt":{"rendered":"<p>Idea powo\u0142ania naszej fundacji zrodzi\u0142a si\u0119 w 1999 roku. Bezpo\u015bredni\u0105 inspiracj\u0105 by\u0142 los wybitnie utalentowanego ucznia Liceum Muzycznego im. F. Chopina w Krakowie, pochodz\u0105cego z powiatu skar\u017cyskiego. Irek mia\u0142 ju\u017c wtedy znacz\u0105ce sukcesy. Podziwiali\u015bmy Jego gr\u0119, talent, ale r\u00f3wnie\u017c ogromn\u0105 prac\u0119 i determinacj\u0119, hart ducha w pokonywaniu trudno\u015bci. Jednak ze wzgl\u0119du na sytuacj\u0119 \u017cyciow\u0105 grozi\u0142o [&hellip;]<\/p>\n","protected":false},"author":1,"featured_media":0,"parent":0,"menu_order":0,"comment_status":"open","ping_status":"open","template":"","meta":[],"_links":{"self":[{"href":"https:\/\/daj-szanse.eu\/index.php?rest_route=\/wp\/v2\/pages\/2"}],"collection":[{"href":"https:\/\/daj-szanse.eu\/index.php?rest_route=\/wp\/v2\/pages"}],"about":[{"href":"https:\/\/daj-szanse.eu\/index.php?rest_route=\/wp\/v2\/types\/page"}],"author":[{"embeddable":true,"href":"https:\/\/daj-szanse.eu\/index.php?rest_route=\/wp\/v2\/users\/1"}],"replies":[{"embeddable":true,"href":"https:\/\/daj-szanse.eu\/index.php?rest_route=%2Fwp%2Fv2%2Fcomments&post=2"}],"version-history":[{"count":7,"href":"https:\/\/daj-szanse.eu\/index.php?rest_route=\/wp\/v2\/pages\/2\/revisions"}],"predecessor-version":[{"id":243,"href":"https:\/\/daj-szanse.eu\/index.php?rest_route=\/wp\/v2\/pages\/2\/revisions\/243"}],"wp:attachment":[{"href":"https:\/\/daj-szanse.eu\/index.php?rest_route=%2Fwp%2Fv2%2Fmedia&parent=2"}],"curies":[{"name":"wp","href":"https:\/\/api.w.org\/{rel}","templated":true}]}}