{"id":197,"date":"2011-12-02T23:15:56","date_gmt":"2011-12-02T22:15:56","guid":{"rendered":"http:\/\/wezu.hostdmk.net\/dajszanse_n\/?page_id=197"},"modified":"2018-03-01T09:33:09","modified_gmt":"2018-03-01T08:33:09","slug":"dzialalnosc","status":"publish","type":"page","link":"https:\/\/daj-szanse.eu\/?page_id=197","title":{"rendered":"Dzia\u0142alno\u015b\u0107"},"content":{"rendered":"<div id='gallery-1' class='gallery galleryid-197 gallery-columns-3 gallery-size-thumbnail'><figure class='gallery-item'>\n\t\t\t<div class='gallery-icon landscape'>\n\t\t\t\t<a href='https:\/\/daj-szanse.eu\/?attachment_id=1792'><img width=\"141\" height=\"141\" src=\"https:\/\/daj-szanse.eu\/wp-content\/uploads\/DSC_0734-150x150.jpg\" class=\"attachment-thumbnail size-thumbnail\" alt=\"\" loading=\"lazy\" \/><\/a>\n\t\t\t<\/div><\/figure><figure class='gallery-item'>\n\t\t\t<div class='gallery-icon landscape'>\n\t\t\t\t<a href='https:\/\/daj-szanse.eu\/?attachment_id=1791'><img width=\"141\" height=\"141\" src=\"https:\/\/daj-szanse.eu\/wp-content\/uploads\/DSC_0668-150x150.jpg\" class=\"attachment-thumbnail size-thumbnail\" alt=\"\" loading=\"lazy\" \/><\/a>\n\t\t\t<\/div><\/figure><figure class='gallery-item'>\n\t\t\t<div class='gallery-icon landscape'>\n\t\t\t\t<a href='https:\/\/daj-szanse.eu\/?attachment_id=1790'><img width=\"141\" height=\"141\" src=\"https:\/\/daj-szanse.eu\/wp-content\/uploads\/DSC_0644-150x150.jpg\" class=\"attachment-thumbnail size-thumbnail\" alt=\"\" loading=\"lazy\" \/><\/a>\n\t\t\t<\/div><\/figure><figure class='gallery-item'>\n\t\t\t<div class='gallery-icon landscape'>\n\t\t\t\t<a href='https:\/\/daj-szanse.eu\/?attachment_id=1793'><img width=\"141\" height=\"141\" src=\"https:\/\/daj-szanse.eu\/wp-content\/uploads\/DSC_06441-150x150.jpg\" class=\"attachment-thumbnail size-thumbnail\" alt=\"\" loading=\"lazy\" \/><\/a>\n\t\t\t<\/div><\/figure><figure class='gallery-item'>\n\t\t\t<div class='gallery-icon landscape'>\n\t\t\t\t<a href='https:\/\/daj-szanse.eu\/?attachment_id=1697'><img width=\"141\" height=\"141\" src=\"https:\/\/daj-szanse.eu\/wp-content\/uploads\/IMG_8785-150x150.jpg\" class=\"attachment-thumbnail size-thumbnail\" alt=\"\" loading=\"lazy\" \/><\/a>\n\t\t\t<\/div><\/figure><figure class='gallery-item'>\n\t\t\t<div class='gallery-icon landscape'>\n\t\t\t\t<a href='https:\/\/daj-szanse.eu\/?attachment_id=1693'><img width=\"141\" height=\"141\" src=\"https:\/\/daj-szanse.eu\/wp-content\/uploads\/IMG_8768-150x150.jpg\" class=\"attachment-thumbnail size-thumbnail\" alt=\"\" loading=\"lazy\" \/><\/a>\n\t\t\t<\/div><\/figure><figure class='gallery-item'>\n\t\t\t<div class='gallery-icon landscape'>\n\t\t\t\t<a href='https:\/\/daj-szanse.eu\/?attachment_id=1701'><img width=\"141\" height=\"141\" src=\"https:\/\/daj-szanse.eu\/wp-content\/uploads\/IMG_8455-150x150.jpg\" class=\"attachment-thumbnail size-thumbnail\" alt=\"\" loading=\"lazy\" \/><\/a>\n\t\t\t<\/div><\/figure><figure class='gallery-item'>\n\t\t\t<div class='gallery-icon landscape'>\n\t\t\t\t<a href='https:\/\/daj-szanse.eu\/?attachment_id=1698'><img width=\"141\" height=\"141\" src=\"https:\/\/daj-szanse.eu\/wp-content\/uploads\/IMG_8817-150x150.jpg\" class=\"attachment-thumbnail size-thumbnail\" alt=\"\" loading=\"lazy\" \/><\/a>\n\t\t\t<\/div><\/figure><figure class='gallery-item'>\n\t\t\t<div class='gallery-icon landscape'>\n\t\t\t\t<a href='https:\/\/daj-szanse.eu\/?attachment_id=1689'><img width=\"141\" height=\"141\" src=\"https:\/\/daj-szanse.eu\/wp-content\/uploads\/IMG_8760a-150x150.jpg\" class=\"attachment-thumbnail size-thumbnail\" alt=\"\" loading=\"lazy\" \/><\/a>\n\t\t\t<\/div><\/figure><figure class='gallery-item'>\n\t\t\t<div class='gallery-icon landscape'>\n\t\t\t\t<a href='https:\/\/daj-szanse.eu\/?attachment_id=1688'><img width=\"141\" height=\"141\" src=\"https:\/\/daj-szanse.eu\/wp-content\/uploads\/IMG_0088-150x150.jpg\" class=\"attachment-thumbnail size-thumbnail\" alt=\"\" loading=\"lazy\" \/><\/a>\n\t\t\t<\/div><\/figure><figure class='gallery-item'>\n\t\t\t<div class='gallery-icon landscape'>\n\t\t\t\t<a href='https:\/\/daj-szanse.eu\/?attachment_id=726'><img width=\"141\" height=\"141\" src=\"https:\/\/daj-szanse.eu\/wp-content\/uploads\/DSC_0043-150x150.jpg\" class=\"attachment-thumbnail size-thumbnail\" alt=\"\" loading=\"lazy\" \/><\/a>\n\t\t\t<\/div><\/figure><figure class='gallery-item'>\n\t\t\t<div class='gallery-icon portrait'>\n\t\t\t\t<a href='https:\/\/daj-szanse.eu\/?attachment_id=725'><img width=\"141\" height=\"141\" src=\"https:\/\/daj-szanse.eu\/wp-content\/uploads\/DSC_00361-150x150.jpg\" class=\"attachment-thumbnail size-thumbnail\" alt=\"\" loading=\"lazy\" \/><\/a>\n\t\t\t<\/div><\/figure><figure class='gallery-item'>\n\t\t\t<div class='gallery-icon landscape'>\n\t\t\t\t<a href='https:\/\/daj-szanse.eu\/?attachment_id=724'><img width=\"141\" height=\"141\" src=\"https:\/\/daj-szanse.eu\/wp-content\/uploads\/DSC_0034-150x150.jpg\" class=\"attachment-thumbnail size-thumbnail\" alt=\"\" loading=\"lazy\" \/><\/a>\n\t\t\t<\/div><\/figure><figure class='gallery-item'>\n\t\t\t<div class='gallery-icon portrait'>\n\t\t\t\t<a href='https:\/\/daj-szanse.eu\/?attachment_id=723'><img width=\"141\" height=\"141\" src=\"https:\/\/daj-szanse.eu\/wp-content\/uploads\/DSC_0036-150x150.jpg\" class=\"attachment-thumbnail size-thumbnail\" alt=\"\" loading=\"lazy\" \/><\/a>\n\t\t\t<\/div><\/figure>\n\t\t<\/div>\n\n","protected":false},"excerpt":{"rendered":"","protected":false},"author":1,"featured_media":0,"parent":11,"menu_order":2,"comment_status":"open","ping_status":"open","template":"","meta":[],"_links":{"self":[{"href":"https:\/\/daj-szanse.eu\/index.php?rest_route=\/wp\/v2\/pages\/197"}],"collection":[{"href":"https:\/\/daj-szanse.eu\/index.php?rest_route=\/wp\/v2\/pages"}],"about":[{"href":"https:\/\/daj-szanse.eu\/index.php?rest_route=\/wp\/v2\/types\/page"}],"author":[{"embeddable":true,"href":"https:\/\/daj-szanse.eu\/index.php?rest_route=\/wp\/v2\/users\/1"}],"replies":[{"embeddable":true,"href":"https:\/\/daj-szanse.eu\/index.php?rest_route=%2Fwp%2Fv2%2Fcomments&post=197"}],"version-history":[{"count":4,"href":"https:\/\/daj-szanse.eu\/index.php?rest_route=\/wp\/v2\/pages\/197\/revisions"}],"predecessor-version":[{"id":2032,"href":"https:\/\/daj-szanse.eu\/index.php?rest_route=\/wp\/v2\/pages\/197\/revisions\/2032"}],"up":[{"embeddable":true,"href":"https:\/\/daj-szanse.eu\/index.php?rest_route=\/wp\/v2\/pages\/11"}],"wp:attachment":[{"href":"https:\/\/daj-szanse.eu\/index.php?rest_route=%2Fwp%2Fv2%2Fmedia&parent=197"}],"curies":[{"name":"wp","href":"https:\/\/api.w.org\/{rel}","templated":true}]}}