{"id":1887,"date":"2017-09-15T13:53:32","date_gmt":"2017-09-15T11:53:32","guid":{"rendered":"http:\/\/daj-szanse.eu\/?page_id=1887"},"modified":"2017-09-15T13:54:59","modified_gmt":"2017-09-15T11:54:59","slug":"x-edycja-zaczka-20152016","status":"publish","type":"page","link":"https:\/\/daj-szanse.eu\/?page_id=1887","title":{"rendered":"X edycja &#8222;\u017baczka&#8221; 2015\/2016"},"content":{"rendered":"<p><img loading=\"lazy\" src=\"https:\/\/lh3.googleusercontent.com\/uDMwHIMoNYQnuHf-ktSHTZOxbchMXvhV1JqSBi4VI17NiJXGcGodKpq7a_pYn1o719_0ib4cikSy4X7w-oQgF7PJD97UfHZOEm0jufgtfAF1U1QzMI1VLhyiNwZvUSiL5neyxtqs5Q=w906-h604-no\" alt=\"\" width=\"255\" height=\"170\" \/><img loading=\"lazy\" src=\"http:\/\/www.sko24.eu\/zb\/foto\/grudzien_2015\/dajszanse\/62.jpg\" alt=\"\" width=\"259\" height=\"171\" \/> <img loading=\"lazy\" src=\"http:\/\/skarzysko.info\/articles\/2445\/daj-szanse-koncert-035.jpg\" alt=\"\" width=\"256\" height=\"170\" data-original=\"http:\/\/skarzysko.info\/articles\/2445\/daj-szanse-koncert-035.jpg\" \/><img loading=\"lazy\" src=\"http:\/\/skarzysko.info\/articles\/2270\/daj-szanse-stypendia-007.jpg\" alt=\"\" width=\"255\" height=\"169\" data-original=\"http:\/\/skarzysko.info\/articles\/2270\/daj-szanse-stypendia-007.jpg\" \/><\/p>\n<p>&nbsp;<\/p>\n<table width=\"277\" border=\"0\" cellspacing=\"0\" cellpadding=\"0\">\n<colgroup>\n<col width=\"33\" \/>\n<col width=\"180\" \/>\n<col width=\"64\" \/> <\/colgroup>\n<tbody>\n<tr>\n<td width=\"33\" height=\"20\">1.<\/td>\n<td width=\"180\">Bilska Ewa<\/td>\n<td width=\"64\">I LO<\/td>\n<\/tr>\n<tr>\n<td height=\"20\">2.<\/td>\n<td>Brzezi\u0144ski Wojciech<\/td>\n<td>ZSE<\/td>\n<\/tr>\n<tr>\n<td height=\"20\">3.<\/td>\n<td>Grzela Ma\u0142gorzata<\/td>\n<td>ZSE<\/td>\n<\/tr>\n<tr>\n<td height=\"20\">4.<\/td>\n<td>Kaba\u0142a Dawid<\/td>\n<td>ZSE<\/td>\n<\/tr>\n<tr>\n<td height=\"20\">5.<\/td>\n<td>Kijak Jakub<\/td>\n<td>II LO<\/td>\n<\/tr>\n<tr>\n<td height=\"20\">6.<\/td>\n<td>Kloch Maria<\/td>\n<td>ZSE<\/td>\n<\/tr>\n<tr>\n<td height=\"20\">7.<\/td>\n<td>Kr\u00f3l Agata<\/td>\n<td>ZSE<\/td>\n<\/tr>\n<tr>\n<td height=\"20\">8.<\/td>\n<td>Krzemi\u0144ska Urszula<\/td>\n<td>I LO<\/td>\n<\/tr>\n<tr>\n<td height=\"20\">9.<\/td>\n<td>Lach Karina<\/td>\n<td>ZSE<\/td>\n<\/tr>\n<tr>\n<td height=\"20\">10.<\/td>\n<td>Mayer Monika<\/td>\n<td>ZSS-U<\/td>\n<\/tr>\n<tr>\n<td height=\"20\">11.<\/td>\n<td>Mazur Mateusz<\/td>\n<td>ZSE<\/td>\n<\/tr>\n<tr>\n<td height=\"20\">12.<\/td>\n<td>Parszewska Aleksandra<\/td>\n<td>I LO<\/td>\n<\/tr>\n<tr>\n<td height=\"20\">13.<\/td>\n<td>P\u0119pczak Patryk<\/td>\n<td>ZST<\/td>\n<\/tr>\n<tr>\n<td height=\"20\">14.<\/td>\n<td>Pi\u0119tak Karina<\/td>\n<td>I LO<\/td>\n<\/tr>\n<tr>\n<td height=\"20\">15.<\/td>\n<td>Podlewska Aleksandra<\/td>\n<td>I LO<\/td>\n<\/tr>\n<tr>\n<td height=\"20\">16.<\/td>\n<td>Prus Hubert<\/td>\n<td>I LO<\/td>\n<\/tr>\n<tr>\n<td height=\"20\">17.<\/td>\n<td>Skuza Weronika<\/td>\n<td>ZST<\/td>\n<\/tr>\n<tr>\n<td height=\"20\">18.<\/td>\n<td>Sowa Artur<\/td>\n<td>ZSE<\/td>\n<\/tr>\n<tr>\n<td height=\"20\">19.<\/td>\n<td>Szczepanik \u017baneta<\/td>\n<td>III LO<\/td>\n<\/tr>\n<tr>\n<td height=\"20\">20.<\/td>\n<td>Szymko Kamil<\/td>\n<td>ZST<\/td>\n<\/tr>\n<tr>\n<td height=\"20\">21.<\/td>\n<td>Tomczyk Martyna<\/td>\n<td>II LO<\/td>\n<\/tr>\n<tr>\n<td height=\"20\">22.<\/td>\n<td>Tusie\u0144 Karolina<\/td>\n<td>ZSE<\/td>\n<\/tr>\n<tr>\n<td height=\"20\">23.<\/td>\n<td>Wi\u0119c\u0142aw Karolina<\/td>\n<td>II LO<\/td>\n<\/tr>\n<tr>\n<td height=\"20\">24.<\/td>\n<td>Wlaz\u0142o Karolina<\/td>\n<td>III LO<\/td>\n<\/tr>\n<tr>\n<td height=\"20\">25.<\/td>\n<td>Wojtachnio Magdlena<\/td>\n<td>ZSE<\/td>\n<\/tr>\n<tr>\n<td height=\"20\">26.<\/td>\n<td>Wojtyna Maciej<\/td>\n<td>ZST<\/td>\n<\/tr>\n<tr>\n<td height=\"20\">27.<\/td>\n<td>W\u00f3jcik Micha\u0142<\/td>\n<td>III LO<\/td>\n<\/tr>\n<tr>\n<td height=\"20\">28.<\/td>\n<td>Zych Angelika<\/td>\n<td>II LO<\/td>\n<\/tr>\n<\/tbody>\n<\/table>\n<p>&nbsp;<\/p>\n","protected":false},"excerpt":{"rendered":"<p>&nbsp; 1. Bilska Ewa I LO 2. Brzezi\u0144ski Wojciech ZSE 3. Grzela Ma\u0142gorzata ZSE 4. Kaba\u0142a Dawid ZSE 5. Kijak Jakub II LO 6. Kloch Maria ZSE 7. Kr\u00f3l Agata ZSE 8. Krzemi\u0144ska Urszula I LO 9. Lach Karina ZSE 10. Mayer Monika ZSS-U 11. Mazur Mateusz ZSE 12. Parszewska Aleksandra I LO 13. P\u0119pczak [&hellip;]<\/p>\n","protected":false},"author":1,"featured_media":0,"parent":127,"menu_order":17,"comment_status":"open","ping_status":"open","template":"","meta":[],"_links":{"self":[{"href":"https:\/\/daj-szanse.eu\/index.php?rest_route=\/wp\/v2\/pages\/1887"}],"collection":[{"href":"https:\/\/daj-szanse.eu\/index.php?rest_route=\/wp\/v2\/pages"}],"about":[{"href":"https:\/\/daj-szanse.eu\/index.php?rest_route=\/wp\/v2\/types\/page"}],"author":[{"embeddable":true,"href":"https:\/\/daj-szanse.eu\/index.php?rest_route=\/wp\/v2\/users\/1"}],"replies":[{"embeddable":true,"href":"https:\/\/daj-szanse.eu\/index.php?rest_route=%2Fwp%2Fv2%2Fcomments&post=1887"}],"version-history":[{"count":7,"href":"https:\/\/daj-szanse.eu\/index.php?rest_route=\/wp\/v2\/pages\/1887\/revisions"}],"predecessor-version":[{"id":1894,"href":"https:\/\/daj-szanse.eu\/index.php?rest_route=\/wp\/v2\/pages\/1887\/revisions\/1894"}],"up":[{"embeddable":true,"href":"https:\/\/daj-szanse.eu\/index.php?rest_route=\/wp\/v2\/pages\/127"}],"wp:attachment":[{"href":"https:\/\/daj-szanse.eu\/index.php?rest_route=%2Fwp%2Fv2%2Fmedia&parent=1887"}],"curies":[{"name":"wp","href":"https:\/\/api.w.org\/{rel}","templated":true}]}}