{"id":162,"date":"2011-12-01T20:50:26","date_gmt":"2011-12-01T19:50:26","guid":{"rendered":"http:\/\/wezu.hostdmk.net\/dajszanse_n\/?page_id=162"},"modified":"2015-08-12T11:25:40","modified_gmt":"2015-08-12T09:25:40","slug":"vi-edycja-zaczka","status":"publish","type":"page","link":"https:\/\/daj-szanse.eu\/?page_id=162","title":{"rendered":"VI edycja &#8222;\u017baczka&#8221; 2011\/2012"},"content":{"rendered":"<p>Stypendy\u015bci programu &#8222;\u017baczek&#8221; &#8211; rok szkolny 2011\/2012<br \/>\n1. Bernat Klaudia &#8211; I LO<br \/>\n2. Bi\u0144kowski Albert &#8211; ZSE<br \/>\n3. Biesaga Patryk &#8211; I LO<br \/>\n4. Cia\u015b Agata &#8211; I LO<br \/>\n5. Filipek Adriana &#8211; I LO<br \/>\n6. Galant Mateusz &#8211; I LO<br \/>\n7. Garbala Dominika &#8211; I LO<br \/>\n8. G\u0119bicka Aleksandra &#8211; I LO<br \/>\n9. Grzyb Sandra &#8211; I LO<br \/>\n10. Jab\u0142o\u0144ska Ma\u0142gorzata &#8211; I LO<br \/>\n11. Ja\u015bkiewicz Jolanta &#8211; I LO<br \/>\n12. Kotwica Katarzyna &#8211; II LO<br \/>\n13. Kowalik Monika &#8211; I LO<br \/>\n14. Kowalczyk Agnieszka &#8211; II LO<br \/>\n15. Lubach Ewelina &#8211; I LO<br \/>\n16. \u0141akomiec Marlena &#8211; ZSE<br \/>\n17. \u0141ysogir Aleksandra &#8211; I LO<br \/>\n18. Miernik Micha\u0142 &#8211; ZSTM<br \/>\n19. Minda Dominika &#8211; I LO<br \/>\n20. M\u0142ynek Mateusz &#8211; I LO<br \/>\n21. Ngo Ngoc Klaudia &#8211; ZSE<br \/>\n22. Podlewska Ewelina &#8211; I LO<br \/>\n23. Rosi\u0144ska Anna &#8211; II LO<br \/>\n24. Skonieczko Ma\u0142gorzata &#8211; ZSE<br \/>\n25. Sorbian Maksymilian &#8211; I LO<br \/>\n26. Stefaniak Mateusz &#8211; I LO<br \/>\n27. Suligowska Nina &#8211; II LO<br \/>\n28. Surma Aleksandra &#8211; ZSE<br \/>\n29. Szersze\u0144 Magdalena &#8211; II LO<br \/>\n30. Szersze\u0144 Urszula &#8211; II LO<br \/>\n31. \u015amigiel Iwona &#8211; I LO<br \/>\n32. Waglewska Ewelina &#8211; I LO<br \/>\n33. Warszawa Kamila &#8211; I LO<br \/>\n34. Zar\u0119ba Roberta &#8211; I LO<br \/>\n35. Zugaj Micha\u0142 &#8211; I LO<br \/>\n36. \u017bo\u0142\u0105dek Paulina &#8211; II LO<\/p>\n<p><a href=\"http:\/\/daj-szanse.eu\/wp-content\/uploads\/image4.jpeg\"><img loading=\"lazy\" class=\"aligncenter size-full wp-image-261\" title=\"image4\" src=\"http:\/\/daj-szanse.eu\/wp-content\/uploads\/image4.jpeg\" alt=\"\" width=\"600\" height=\"400\" srcset=\"https:\/\/daj-szanse.eu\/wp-content\/uploads\/image4.jpeg 600w, https:\/\/daj-szanse.eu\/wp-content\/uploads\/image4-300x200.jpg 300w\" sizes=\"(max-width: 600px) 100vw, 600px\" \/><\/a><\/p>\n","protected":false},"excerpt":{"rendered":"<p>Stypendy\u015bci programu &#8222;\u017baczek&#8221; &#8211; rok szkolny 2011\/2012 1. Bernat Klaudia &#8211; I LO 2. Bi\u0144kowski Albert &#8211; ZSE 3. Biesaga Patryk &#8211; I LO 4. Cia\u015b Agata &#8211; I LO 5. Filipek Adriana &#8211; I LO 6. Galant Mateusz &#8211; I LO 7. Garbala Dominika &#8211; I LO 8. G\u0119bicka Aleksandra &#8211; I LO 9. [&hellip;]<\/p>\n","protected":false},"author":1,"featured_media":0,"parent":127,"menu_order":12,"comment_status":"open","ping_status":"open","template":"","meta":[],"_links":{"self":[{"href":"https:\/\/daj-szanse.eu\/index.php?rest_route=\/wp\/v2\/pages\/162"}],"collection":[{"href":"https:\/\/daj-szanse.eu\/index.php?rest_route=\/wp\/v2\/pages"}],"about":[{"href":"https:\/\/daj-szanse.eu\/index.php?rest_route=\/wp\/v2\/types\/page"}],"author":[{"embeddable":true,"href":"https:\/\/daj-szanse.eu\/index.php?rest_route=\/wp\/v2\/users\/1"}],"replies":[{"embeddable":true,"href":"https:\/\/daj-szanse.eu\/index.php?rest_route=%2Fwp%2Fv2%2Fcomments&post=162"}],"version-history":[{"count":4,"href":"https:\/\/daj-szanse.eu\/index.php?rest_route=\/wp\/v2\/pages\/162\/revisions"}],"predecessor-version":[{"id":1386,"href":"https:\/\/daj-szanse.eu\/index.php?rest_route=\/wp\/v2\/pages\/162\/revisions\/1386"}],"up":[{"embeddable":true,"href":"https:\/\/daj-szanse.eu\/index.php?rest_route=\/wp\/v2\/pages\/127"}],"wp:attachment":[{"href":"https:\/\/daj-szanse.eu\/index.php?rest_route=%2Fwp%2Fv2%2Fmedia&parent=162"}],"curies":[{"name":"wp","href":"https:\/\/api.w.org\/{rel}","templated":true}]}}