{"id":160,"date":"2011-12-01T20:49:27","date_gmt":"2011-12-01T19:49:27","guid":{"rendered":"http:\/\/wezu.hostdmk.net\/dajszanse_n\/?page_id=160"},"modified":"2011-12-09T19:58:46","modified_gmt":"2011-12-09T18:58:46","slug":"v-edycja-zaczka","status":"publish","type":"page","link":"https:\/\/daj-szanse.eu\/?page_id=160","title":{"rendered":"V edycja &#8222;\u017baczka&#8221;"},"content":{"rendered":"<p>Stypendy\u015bci programu &#8222;\u017baczek&#8221; &#8211; rok szkolny 2010\/2011<br \/>\n1.Bernat Klaudia I LO<br \/>\n2.Bia\u0142ek Katarzyna II LO<br \/>\n3.Biesaga Patryk I LO<br \/>\n4.Garbala Dominika I LO<br \/>\n5.Grzyb Sandra I LO<br \/>\n6.Jab\u0142o\u0144ska Anna I LO<br \/>\n7.Jab\u0142o\u0144ska Ma\u0142gorzata I LO<br \/>\n8.Ja\u015bkiewicz Jolanta I LO<br \/>\n9.Kowalik Monika I LO<br \/>\n10.Lubach Ewelina I LO<br \/>\n11.\u0141akomiec Marlena ZSE<br \/>\n12.Malczyk Paulina II LO<br \/>\n13.Minda Dominika I LO<br \/>\n14.Misztal Klaudia I LO<br \/>\n15.Mo\u0107ko Marlena IV LO Kielce<br \/>\n16.M\u0142ynek Mateusz I LO<br \/>\n17.Mundzik Katarzyna I LO<br \/>\n18.Nowak Micha\u0142 I LO<br \/>\n19.Nowakowska Agnieszka I LO<br \/>\n20.Podlewska Ewelina I LO<br \/>\n21.Pomocnik Ma\u0142gorzata ZSE<br \/>\n22.R\u00f3zga Ma\u0142gorzata I LO<br \/>\n23.Rurarz Wojciech I LO<br \/>\n24.S\u0119kowski Oskar I LO<br \/>\n25.Soko\u0142owska Olga ZSE<br \/>\n26.Sorbian Maksymilian I LO<br \/>\n27.Szczygie\u0142 Anna I LO<br \/>\n28.Szersze\u0144 Magdalena II LO<br \/>\n29.\u015amigiel Iwona I LO<br \/>\n30.Warszawa Kamila I LO<br \/>\n31.Wik\u0142o Przemys\u0142aw I LO<br \/>\n32.Zar\u0119ba Roberta I LO<br \/>\n33.Zugaj Micha\u0142 I LO<\/p>\n<p><a href=\"http:\/\/daj-szanse.eu\/wp-content\/uploads\/image6.jpeg\"><img loading=\"lazy\" class=\"aligncenter size-full wp-image-263\" title=\"image6\" src=\"http:\/\/daj-szanse.eu\/wp-content\/uploads\/image6.jpeg\" alt=\"\" width=\"400\" height=\"283\" srcset=\"https:\/\/daj-szanse.eu\/wp-content\/uploads\/image6.jpeg 400w, https:\/\/daj-szanse.eu\/wp-content\/uploads\/image6-300x212.jpg 300w\" sizes=\"(max-width: 400px) 100vw, 400px\" \/><\/a><\/p>\n","protected":false},"excerpt":{"rendered":"<p>Stypendy\u015bci programu &#8222;\u017baczek&#8221; &#8211; rok szkolny 2010\/2011 1.Bernat Klaudia I LO 2.Bia\u0142ek Katarzyna II LO 3.Biesaga Patryk I LO 4.Garbala Dominika I LO 5.Grzyb Sandra I LO 6.Jab\u0142o\u0144ska Anna I LO 7.Jab\u0142o\u0144ska Ma\u0142gorzata I LO 8.Ja\u015bkiewicz Jolanta I LO 9.Kowalik Monika I LO 10.Lubach Ewelina I LO 11.\u0141akomiec Marlena ZSE 12.Malczyk Paulina II LO 13.Minda [&hellip;]<\/p>\n","protected":false},"author":1,"featured_media":0,"parent":127,"menu_order":11,"comment_status":"open","ping_status":"open","template":"","meta":[],"_links":{"self":[{"href":"https:\/\/daj-szanse.eu\/index.php?rest_route=\/wp\/v2\/pages\/160"}],"collection":[{"href":"https:\/\/daj-szanse.eu\/index.php?rest_route=\/wp\/v2\/pages"}],"about":[{"href":"https:\/\/daj-szanse.eu\/index.php?rest_route=\/wp\/v2\/types\/page"}],"author":[{"embeddable":true,"href":"https:\/\/daj-szanse.eu\/index.php?rest_route=\/wp\/v2\/users\/1"}],"replies":[{"embeddable":true,"href":"https:\/\/daj-szanse.eu\/index.php?rest_route=%2Fwp%2Fv2%2Fcomments&post=160"}],"version-history":[{"count":2,"href":"https:\/\/daj-szanse.eu\/index.php?rest_route=\/wp\/v2\/pages\/160\/revisions"}],"predecessor-version":[{"id":264,"href":"https:\/\/daj-szanse.eu\/index.php?rest_route=\/wp\/v2\/pages\/160\/revisions\/264"}],"up":[{"embeddable":true,"href":"https:\/\/daj-szanse.eu\/index.php?rest_route=\/wp\/v2\/pages\/127"}],"wp:attachment":[{"href":"https:\/\/daj-szanse.eu\/index.php?rest_route=%2Fwp%2Fv2%2Fmedia&parent=160"}],"curies":[{"name":"wp","href":"https:\/\/api.w.org\/{rel}","templated":true}]}}