{"id":158,"date":"2011-12-01T20:48:51","date_gmt":"2011-12-01T19:48:51","guid":{"rendered":"http:\/\/wezu.hostdmk.net\/dajszanse_n\/?page_id=158"},"modified":"2011-12-09T19:59:43","modified_gmt":"2011-12-09T18:59:43","slug":"iv-edycja-zaczka","status":"publish","type":"page","link":"https:\/\/daj-szanse.eu\/?page_id=158","title":{"rendered":"IV edycja &#8222;\u017baczka&#8221;"},"content":{"rendered":"<p>Stypendy\u015bci programu \u017baczek rok szkolny 2009\/2010<br \/>\n1. Bernat Klaudia<br \/>\n2. Binkowska Martyna<br \/>\n3. Chrz\u0119szczyk Iwona<br \/>\n4. \u0106wiszewska Karolina<br \/>\n5. G\u0119bicka Aleksandra<br \/>\n6. Grzyb Sandra<br \/>\n7. Hejnrych Paulina<br \/>\n8. Jusi\u0144ska Anna<br \/>\n9. Kasprzyk Monika<br \/>\n10.Kowalik Monika Urszula<br \/>\n11.Kowalik Monika<br \/>\n12.Michta Wioleta<br \/>\n13.Mundzik Katarzyna<br \/>\n14.Nowakowska Agnieszka<br \/>\n15.Podlewska Ewelina<br \/>\n16.Rosi\u0144ska Anna<br \/>\n17.R\u00f3zga Ma\u0142gorzata<br \/>\n18.S\u0119kowski Oskar<br \/>\n19.Siuszczy\u0144ski Damian<br \/>\n20.St\u0119pie\u0144 Karol<br \/>\n21.Szersze\u0144 Magdalena<br \/>\n22.\u015amigiel Iwona<br \/>\n23.\u015awita\u0142a Piotr<br \/>\n24.Warszawa Kamila<br \/>\n25.W\u0105s Maja<\/p>\n<p><a href=\"http:\/\/daj-szanse.eu\/wp-content\/uploads\/image5.jpeg\"><img loading=\"lazy\" class=\"aligncenter size-full wp-image-265\" title=\"image5\" src=\"http:\/\/daj-szanse.eu\/wp-content\/uploads\/image5.jpeg\" alt=\"\" width=\"600\" height=\"401\" srcset=\"https:\/\/daj-szanse.eu\/wp-content\/uploads\/image5.jpeg 600w, https:\/\/daj-szanse.eu\/wp-content\/uploads\/image5-300x200.jpg 300w\" sizes=\"(max-width: 600px) 100vw, 600px\" \/><\/a><\/p>\n","protected":false},"excerpt":{"rendered":"<p>Stypendy\u015bci programu \u017baczek rok szkolny 2009\/2010 1. Bernat Klaudia 2. Binkowska Martyna 3. Chrz\u0119szczyk Iwona 4. \u0106wiszewska Karolina 5. G\u0119bicka Aleksandra 6. Grzyb Sandra 7. Hejnrych Paulina 8. Jusi\u0144ska Anna 9. Kasprzyk Monika 10.Kowalik Monika Urszula 11.Kowalik Monika 12.Michta Wioleta 13.Mundzik Katarzyna 14.Nowakowska Agnieszka 15.Podlewska Ewelina 16.Rosi\u0144ska Anna 17.R\u00f3zga Ma\u0142gorzata 18.S\u0119kowski Oskar 19.Siuszczy\u0144ski Damian 20.St\u0119pie\u0144 [&hellip;]<\/p>\n","protected":false},"author":1,"featured_media":0,"parent":127,"menu_order":10,"comment_status":"open","ping_status":"open","template":"","meta":[],"_links":{"self":[{"href":"https:\/\/daj-szanse.eu\/index.php?rest_route=\/wp\/v2\/pages\/158"}],"collection":[{"href":"https:\/\/daj-szanse.eu\/index.php?rest_route=\/wp\/v2\/pages"}],"about":[{"href":"https:\/\/daj-szanse.eu\/index.php?rest_route=\/wp\/v2\/types\/page"}],"author":[{"embeddable":true,"href":"https:\/\/daj-szanse.eu\/index.php?rest_route=\/wp\/v2\/users\/1"}],"replies":[{"embeddable":true,"href":"https:\/\/daj-szanse.eu\/index.php?rest_route=%2Fwp%2Fv2%2Fcomments&post=158"}],"version-history":[{"count":2,"href":"https:\/\/daj-szanse.eu\/index.php?rest_route=\/wp\/v2\/pages\/158\/revisions"}],"predecessor-version":[{"id":266,"href":"https:\/\/daj-szanse.eu\/index.php?rest_route=\/wp\/v2\/pages\/158\/revisions\/266"}],"up":[{"embeddable":true,"href":"https:\/\/daj-szanse.eu\/index.php?rest_route=\/wp\/v2\/pages\/127"}],"wp:attachment":[{"href":"https:\/\/daj-szanse.eu\/index.php?rest_route=%2Fwp%2Fv2%2Fmedia&parent=158"}],"curies":[{"name":"wp","href":"https:\/\/api.w.org\/{rel}","templated":true}]}}