{"id":156,"date":"2011-12-01T20:48:07","date_gmt":"2011-12-01T19:48:07","guid":{"rendered":"http:\/\/wezu.hostdmk.net\/dajszanse_n\/?page_id=156"},"modified":"2011-12-01T20:48:07","modified_gmt":"2011-12-01T19:48:07","slug":"iii-edycja-zaczka","status":"publish","type":"page","link":"https:\/\/daj-szanse.eu\/?page_id=156","title":{"rendered":"III edycja &#8222;\u017baczka&#8221;"},"content":{"rendered":"<p>Sypendy\u015bci III edycji programu stypendialnego \u017baczek &#8211; rok szkolny 2008\/2009<\/p>\n<p>1.Bienias Ma\u0142gorzata<br \/>\n2.B\u0142ach Damian<br \/>\n3.Czernilewska Monika<br \/>\n4.Durlej Jakub<br \/>\n5.Jusi\u0144ska Anna<br \/>\n6.Lenard Micha\u0142<br \/>\n7.Michta Micha\u0142<br \/>\n8.M\u0142odawski Sebastian<br \/>\n9.Mundzik Katarzyna<br \/>\n10.Mr\u00f3z Jowita<br \/>\n11.Nowak Karol<br \/>\n12.Skibi\u0144ska Ma\u0142gorzata<br \/>\n13.Skutnik Anna<br \/>\n14.Tusznio Katarzyna<br \/>\n15.Zegad\u0142o Luiza<\/p>\n","protected":false},"excerpt":{"rendered":"<p>Sypendy\u015bci III edycji programu stypendialnego \u017baczek &#8211; rok szkolny 2008\/2009 1.Bienias Ma\u0142gorzata 2.B\u0142ach Damian 3.Czernilewska Monika 4.Durlej Jakub 5.Jusi\u0144ska Anna 6.Lenard Micha\u0142 7.Michta Micha\u0142 8.M\u0142odawski Sebastian 9.Mundzik Katarzyna 10.Mr\u00f3z Jowita 11.Nowak Karol 12.Skibi\u0144ska Ma\u0142gorzata 13.Skutnik Anna 14.Tusznio Katarzyna 15.Zegad\u0142o Luiza<\/p>\n","protected":false},"author":1,"featured_media":0,"parent":127,"menu_order":9,"comment_status":"open","ping_status":"open","template":"","meta":[],"_links":{"self":[{"href":"https:\/\/daj-szanse.eu\/index.php?rest_route=\/wp\/v2\/pages\/156"}],"collection":[{"href":"https:\/\/daj-szanse.eu\/index.php?rest_route=\/wp\/v2\/pages"}],"about":[{"href":"https:\/\/daj-szanse.eu\/index.php?rest_route=\/wp\/v2\/types\/page"}],"author":[{"embeddable":true,"href":"https:\/\/daj-szanse.eu\/index.php?rest_route=\/wp\/v2\/users\/1"}],"replies":[{"embeddable":true,"href":"https:\/\/daj-szanse.eu\/index.php?rest_route=%2Fwp%2Fv2%2Fcomments&post=156"}],"version-history":[{"count":1,"href":"https:\/\/daj-szanse.eu\/index.php?rest_route=\/wp\/v2\/pages\/156\/revisions"}],"predecessor-version":[{"id":157,"href":"https:\/\/daj-szanse.eu\/index.php?rest_route=\/wp\/v2\/pages\/156\/revisions\/157"}],"up":[{"embeddable":true,"href":"https:\/\/daj-szanse.eu\/index.php?rest_route=\/wp\/v2\/pages\/127"}],"wp:attachment":[{"href":"https:\/\/daj-szanse.eu\/index.php?rest_route=%2Fwp%2Fv2%2Fmedia&parent=156"}],"curies":[{"name":"wp","href":"https:\/\/api.w.org\/{rel}","templated":true}]}}