{"id":150,"date":"2011-12-01T20:44:47","date_gmt":"2011-12-01T19:44:47","guid":{"rendered":"http:\/\/wezu.hostdmk.net\/dajszanse_n\/?page_id=150"},"modified":"2011-12-01T20:52:00","modified_gmt":"2011-12-01T19:52:00","slug":"ii-edycja-zaczka","status":"publish","type":"page","link":"https:\/\/daj-szanse.eu\/?page_id=150","title":{"rendered":"II edycja &#8222;\u017baczka&#8221;"},"content":{"rendered":"<p>Stypendy\u015bci II edycji programu stypendialnego \u017baczek &#8211; rok szkolny 2007\/2008<\/p>\n<p>1.Anna Aleksandra Berus<br \/>\n2.Ma\u0142gorzata Bienia<br \/>\n3.Weronika Grz\u0119da<br \/>\n4.Piotr Kocemba<br \/>\n5.Micha\u0142 Michta<br \/>\n6.El\u017cbieta Piasta<br \/>\n7.Anna Sidor<br \/>\n8.Ma\u0142gorzata Skibi\u0144ska<\/p>\n","protected":false},"excerpt":{"rendered":"<p>Stypendy\u015bci II edycji programu stypendialnego \u017baczek &#8211; rok szkolny 2007\/2008 1.Anna Aleksandra Berus 2.Ma\u0142gorzata Bienia 3.Weronika Grz\u0119da 4.Piotr Kocemba 5.Micha\u0142 Michta 6.El\u017cbieta Piasta 7.Anna Sidor 8.Ma\u0142gorzata Skibi\u0144ska<\/p>\n","protected":false},"author":1,"featured_media":0,"parent":127,"menu_order":8,"comment_status":"open","ping_status":"open","template":"","meta":[],"_links":{"self":[{"href":"https:\/\/daj-szanse.eu\/index.php?rest_route=\/wp\/v2\/pages\/150"}],"collection":[{"href":"https:\/\/daj-szanse.eu\/index.php?rest_route=\/wp\/v2\/pages"}],"about":[{"href":"https:\/\/daj-szanse.eu\/index.php?rest_route=\/wp\/v2\/types\/page"}],"author":[{"embeddable":true,"href":"https:\/\/daj-szanse.eu\/index.php?rest_route=\/wp\/v2\/users\/1"}],"replies":[{"embeddable":true,"href":"https:\/\/daj-szanse.eu\/index.php?rest_route=%2Fwp%2Fv2%2Fcomments&post=150"}],"version-history":[{"count":2,"href":"https:\/\/daj-szanse.eu\/index.php?rest_route=\/wp\/v2\/pages\/150\/revisions"}],"predecessor-version":[{"id":166,"href":"https:\/\/daj-szanse.eu\/index.php?rest_route=\/wp\/v2\/pages\/150\/revisions\/166"}],"up":[{"embeddable":true,"href":"https:\/\/daj-szanse.eu\/index.php?rest_route=\/wp\/v2\/pages\/127"}],"wp:attachment":[{"href":"https:\/\/daj-szanse.eu\/index.php?rest_route=%2Fwp%2Fv2%2Fmedia&parent=150"}],"curies":[{"name":"wp","href":"https:\/\/api.w.org\/{rel}","templated":true}]}}