{"id":143,"date":"2011-12-01T20:41:14","date_gmt":"2011-12-01T19:41:14","guid":{"rendered":"http:\/\/wezu.hostdmk.net\/dajszanse_n\/?page_id=143"},"modified":"2011-12-09T19:56:10","modified_gmt":"2011-12-09T18:56:10","slug":"i-edycja-zaczka","status":"publish","type":"page","link":"https:\/\/daj-szanse.eu\/?page_id=143","title":{"rendered":"I edycja &#8222;\u017baczka&#8221;"},"content":{"rendered":"<p>Stypendy\u015bci I edycji programu stypendialnego \u017baczek &#8211; rok szkolny 2006\/2007<\/p>\n<p>1.Judyta Cichocka<br \/>\n2.Joanna Durlik<br \/>\n3.Weronika Grz\u0119da<br \/>\n4.Katarzyna Ku\u017adub<br \/>\n5.Emil Wi\u015bnios<\/p>\n<p style=\"text-align: center;\"><a href=\"http:\/\/daj-szanse.eu\/wp-content\/uploads\/image3.png\"><img loading=\"lazy\" class=\"aligncenter size-medium wp-image-259\" title=\"image3\" src=\"http:\/\/daj-szanse.eu\/wp-content\/uploads\/image3-300x169.png\" alt=\"\" width=\"300\" height=\"169\" srcset=\"https:\/\/daj-szanse.eu\/wp-content\/uploads\/image3-300x169.png 300w, https:\/\/daj-szanse.eu\/wp-content\/uploads\/image3.png 868w\" sizes=\"(max-width: 300px) 100vw, 300px\" \/><\/a><\/p>\n","protected":false},"excerpt":{"rendered":"<p>Stypendy\u015bci I edycji programu stypendialnego \u017baczek &#8211; rok szkolny 2006\/2007 1.Judyta Cichocka 2.Joanna Durlik 3.Weronika Grz\u0119da 4.Katarzyna Ku\u017adub 5.Emil Wi\u015bnios<\/p>\n","protected":false},"author":1,"featured_media":0,"parent":127,"menu_order":7,"comment_status":"open","ping_status":"open","template":"","meta":[],"_links":{"self":[{"href":"https:\/\/daj-szanse.eu\/index.php?rest_route=\/wp\/v2\/pages\/143"}],"collection":[{"href":"https:\/\/daj-szanse.eu\/index.php?rest_route=\/wp\/v2\/pages"}],"about":[{"href":"https:\/\/daj-szanse.eu\/index.php?rest_route=\/wp\/v2\/types\/page"}],"author":[{"embeddable":true,"href":"https:\/\/daj-szanse.eu\/index.php?rest_route=\/wp\/v2\/users\/1"}],"replies":[{"embeddable":true,"href":"https:\/\/daj-szanse.eu\/index.php?rest_route=%2Fwp%2Fv2%2Fcomments&post=143"}],"version-history":[{"count":4,"href":"https:\/\/daj-szanse.eu\/index.php?rest_route=\/wp\/v2\/pages\/143\/revisions"}],"predecessor-version":[{"id":260,"href":"https:\/\/daj-szanse.eu\/index.php?rest_route=\/wp\/v2\/pages\/143\/revisions\/260"}],"up":[{"embeddable":true,"href":"https:\/\/daj-szanse.eu\/index.php?rest_route=\/wp\/v2\/pages\/127"}],"wp:attachment":[{"href":"https:\/\/daj-szanse.eu\/index.php?rest_route=%2Fwp%2Fv2%2Fmedia&parent=143"}],"curies":[{"name":"wp","href":"https:\/\/api.w.org\/{rel}","templated":true}]}}