{"id":141,"date":"2011-12-01T20:40:01","date_gmt":"2011-12-01T19:40:01","guid":{"rendered":"http:\/\/wezu.hostdmk.net\/dajszanse_n\/?page_id=141"},"modified":"2011-12-01T20:51:05","modified_gmt":"2011-12-01T19:51:05","slug":"stypendia-i-nagrody-sportowe","status":"publish","type":"page","link":"https:\/\/daj-szanse.eu\/?page_id=141","title":{"rendered":"Sportowe"},"content":{"rendered":"<p>STYPENDIA I NAGRODY SPORTOWE<br \/>\n1.OLIWIA CIUK<br \/>\n2.PIOTR KULICKI<br \/>\n3.IZABELA NIEMIEC<br \/>\n4.URSZULA NIEMIEC<br \/>\n5.PAWE\u0141 OBARSKI<br \/>\n6.JOANNA OLENDER<br \/>\n7.BARTOSZ PIETRZYK<br \/>\n8.ADAM PLICNER<br \/>\n9.JUSTYNA PLICNER<br \/>\n10.KAROLINA WIK\u0141O<br \/>\n11.GRZEGORZ ZAR\u0118BA<\/p>\n","protected":false},"excerpt":{"rendered":"<p>STYPENDIA I NAGRODY SPORTOWE 1.OLIWIA CIUK 2.PIOTR KULICKI 3.IZABELA NIEMIEC 4.URSZULA NIEMIEC 5.PAWE\u0141 OBARSKI 6.JOANNA OLENDER 7.BARTOSZ PIETRZYK 8.ADAM PLICNER 9.JUSTYNA PLICNER 10.KAROLINA WIK\u0141O 11.GRZEGORZ ZAR\u0118BA<\/p>\n","protected":false},"author":1,"featured_media":0,"parent":127,"menu_order":4,"comment_status":"open","ping_status":"open","template":"","meta":[],"_links":{"self":[{"href":"https:\/\/daj-szanse.eu\/index.php?rest_route=\/wp\/v2\/pages\/141"}],"collection":[{"href":"https:\/\/daj-szanse.eu\/index.php?rest_route=\/wp\/v2\/pages"}],"about":[{"href":"https:\/\/daj-szanse.eu\/index.php?rest_route=\/wp\/v2\/types\/page"}],"author":[{"embeddable":true,"href":"https:\/\/daj-szanse.eu\/index.php?rest_route=\/wp\/v2\/users\/1"}],"replies":[{"embeddable":true,"href":"https:\/\/daj-szanse.eu\/index.php?rest_route=%2Fwp%2Fv2%2Fcomments&post=141"}],"version-history":[{"count":4,"href":"https:\/\/daj-szanse.eu\/index.php?rest_route=\/wp\/v2\/pages\/141\/revisions"}],"predecessor-version":[{"id":164,"href":"https:\/\/daj-szanse.eu\/index.php?rest_route=\/wp\/v2\/pages\/141\/revisions\/164"}],"up":[{"embeddable":true,"href":"https:\/\/daj-szanse.eu\/index.php?rest_route=\/wp\/v2\/pages\/127"}],"wp:attachment":[{"href":"https:\/\/daj-szanse.eu\/index.php?rest_route=%2Fwp%2Fv2%2Fmedia&parent=141"}],"curies":[{"name":"wp","href":"https:\/\/api.w.org\/{rel}","templated":true}]}}