{"id":1375,"date":"2015-08-12T11:23:15","date_gmt":"2015-08-12T09:23:15","guid":{"rendered":"http:\/\/daj-szanse.eu\/?page_id=1375"},"modified":"2015-08-12T12:13:55","modified_gmt":"2015-08-12T10:13:55","slug":"ix-edycja-zaczka-20142015","status":"publish","type":"page","link":"https:\/\/daj-szanse.eu\/?page_id=1375","title":{"rendered":"IX edycja &#8222;\u017baczka&#8221; 2014\/2015"},"content":{"rendered":"<p>Stypendy\u015bci IX edycji Programu \u017baczek na rok szkolny 2014\/2015<\/p>\n<p><a href=\"http:\/\/daj-szanse.eu\/wp-content\/uploads\/sty.jpg\"><img loading=\"lazy\" class=\"alignleft size-thumbnail wp-image-1392\" title=\"sty\" src=\"http:\/\/daj-szanse.eu\/wp-content\/uploads\/sty-150x150.jpg\" alt=\"\" width=\"150\" height=\"150\" \/><\/a><a href=\"http:\/\/daj-szanse.eu\/wp-content\/uploads\/sty1.jpg\"><img loading=\"lazy\" class=\"alignleft size-thumbnail wp-image-1391\" title=\"sty1\" src=\"http:\/\/daj-szanse.eu\/wp-content\/uploads\/sty1-150x150.jpg\" alt=\"\" width=\"150\" height=\"150\" \/><\/a><a href=\"http:\/\/daj-szanse.eu\/wp-content\/uploads\/styp2.jpg\"><img loading=\"lazy\" class=\"alignleft size-thumbnail wp-image-1387\" title=\"styp2\" src=\"http:\/\/daj-szanse.eu\/wp-content\/uploads\/styp2-150x150.jpg\" alt=\"\" width=\"150\" height=\"150\" \/><\/a><\/p>\n<p><a href=\"http:\/\/daj-szanse.eu\/wp-content\/uploads\/DSC_00671.jpg\"><img loading=\"lazy\" class=\"alignleft size-thumbnail wp-image-1388\" title=\"DSC_0067\" src=\"http:\/\/daj-szanse.eu\/wp-content\/uploads\/DSC_00671-150x150.jpg\" alt=\"\" width=\"150\" height=\"150\" \/><\/a><\/p>\n<p>&nbsp;<\/p>\n<p><a href=\"http:\/\/daj-szanse.eu\/wp-content\/uploads\/st.jpg\"><img loading=\"lazy\" class=\"alignleft size-thumbnail wp-image-1390\" title=\"st\" src=\"http:\/\/daj-szanse.eu\/wp-content\/uploads\/st-150x150.jpg\" alt=\"\" width=\"150\" height=\"150\" \/><\/a><a href=\"http:\/\/daj-szanse.eu\/wp-content\/uploads\/s.jpg\"><img loading=\"lazy\" class=\"alignleft size-thumbnail wp-image-1389\" title=\"s\" src=\"http:\/\/daj-szanse.eu\/wp-content\/uploads\/s-150x150.jpg\" alt=\"\" width=\"150\" height=\"150\" \/><\/a><\/p>\n<table width=\"368\" border=\"1\" cellspacing=\"0\" cellpadding=\"0\">\n<tbody>\n<tr>\n<td valign=\"bottom\" width=\"62\">1<\/td>\n<td valign=\"bottom\" width=\"252\">Bilska Ewa<\/td>\n<td valign=\"top\" width=\"145\">I LO<\/td>\n<\/tr>\n<tr>\n<td valign=\"bottom\" width=\"62\">2<\/td>\n<td valign=\"bottom\" width=\"252\">Giba\u0142a Krzysztof<\/td>\n<td valign=\"top\" width=\"145\">ZSE<\/td>\n<\/tr>\n<tr>\n<td valign=\"bottom\" width=\"62\">3<\/td>\n<td valign=\"bottom\" width=\"252\">Goli\u0144ska Dorota<\/td>\n<td valign=\"top\" width=\"145\">ZSE<\/td>\n<\/tr>\n<tr>\n<td valign=\"bottom\" width=\"62\">4<\/td>\n<td valign=\"bottom\" width=\"252\">G\u00f3rniak Urszula<\/td>\n<td valign=\"top\" width=\"145\">I LO KIELCE<\/td>\n<\/tr>\n<tr>\n<td valign=\"bottom\" width=\"62\">5<\/td>\n<td valign=\"bottom\" width=\"252\">Grzyb Milena<\/td>\n<td valign=\"top\" width=\"145\">ZST-M<\/td>\n<\/tr>\n<tr>\n<td valign=\"bottom\" width=\"62\">6<\/td>\n<td valign=\"bottom\" width=\"252\">Jakubczyk Robert<\/td>\n<td valign=\"top\" width=\"145\">I LO<\/td>\n<\/tr>\n<tr>\n<td valign=\"bottom\" width=\"62\">7<\/td>\n<td valign=\"bottom\" width=\"252\">Lach Karina<\/td>\n<td valign=\"top\" width=\"145\">ZSE<\/td>\n<\/tr>\n<tr>\n<td valign=\"bottom\" width=\"62\">8<\/td>\n<td valign=\"bottom\" width=\"252\">Lacko Ewa<\/td>\n<td valign=\"top\" width=\"145\">ZSS-U<\/td>\n<\/tr>\n<tr>\n<td valign=\"bottom\" width=\"62\">9<\/td>\n<td valign=\"bottom\" width=\"252\">Lenzion Dorota<\/td>\n<td valign=\"top\" width=\"145\">III LO<\/td>\n<\/tr>\n<tr>\n<td valign=\"bottom\" width=\"62\">10<\/td>\n<td valign=\"bottom\" width=\"252\">Mackiewicz Paulina<\/td>\n<td valign=\"top\" width=\"145\">I LO<\/td>\n<\/tr>\n<tr>\n<td valign=\"bottom\" width=\"62\">11<\/td>\n<td valign=\"bottom\" width=\"252\">Mayer Monika<\/td>\n<td valign=\"top\" width=\"145\">ZSS-U<\/td>\n<\/tr>\n<tr>\n<td valign=\"bottom\" width=\"62\">12<\/td>\n<td valign=\"bottom\" width=\"252\">Or\u0142owska Monika<\/td>\n<td valign=\"top\" width=\"145\">III LO<\/td>\n<\/tr>\n<tr>\n<td valign=\"bottom\" width=\"62\">13<\/td>\n<td valign=\"bottom\" width=\"252\">Parszewska Aleksandra<\/td>\n<td valign=\"top\" width=\"145\">I LO<\/td>\n<\/tr>\n<tr>\n<td valign=\"bottom\" width=\"62\">14<\/td>\n<td valign=\"bottom\" width=\"252\">Pi\u0119tak Karina<\/td>\n<td valign=\"top\" width=\"145\">I LO<\/td>\n<\/tr>\n<tr>\n<td valign=\"bottom\" width=\"62\">15<\/td>\n<td valign=\"bottom\" width=\"252\">P\u0142usa Anna<\/td>\n<td valign=\"top\" width=\"145\">III LO<\/td>\n<\/tr>\n<tr>\n<td valign=\"bottom\" width=\"62\">16<\/td>\n<td valign=\"bottom\" width=\"252\">Rogala Dominika<\/td>\n<td valign=\"top\" width=\"145\">II LO<\/td>\n<\/tr>\n<tr>\n<td valign=\"bottom\" width=\"62\">17<\/td>\n<td valign=\"bottom\" width=\"252\">Sasal Agata<\/td>\n<td valign=\"top\" width=\"145\">II LO<\/td>\n<\/tr>\n<tr>\n<td valign=\"bottom\" width=\"62\">18<\/td>\n<td valign=\"bottom\" width=\"252\">Seweryn Milena<\/td>\n<td valign=\"top\" width=\"145\">I LO<\/td>\n<\/tr>\n<tr>\n<td valign=\"bottom\" width=\"62\">19<\/td>\n<td valign=\"bottom\" width=\"252\">Sowa Artur<\/td>\n<td valign=\"top\" width=\"145\">ZSE<\/td>\n<\/tr>\n<tr>\n<td valign=\"bottom\" width=\"62\">20<\/td>\n<td valign=\"bottom\" width=\"252\">St\u0119pie\u0144 Emilia<\/td>\n<td valign=\"top\" width=\"145\">I LO<\/td>\n<\/tr>\n<tr>\n<td valign=\"bottom\" width=\"62\">21<\/td>\n<td valign=\"bottom\" width=\"252\">St\u0119pie\u0144 Liliana<\/td>\n<td valign=\"top\" width=\"145\">ZSE<\/td>\n<\/tr>\n<tr>\n<td valign=\"bottom\" width=\"62\">22<\/td>\n<td valign=\"bottom\" width=\"252\">St\u0119pnik Agnieszka<\/td>\n<td valign=\"top\" width=\"145\">I LO<\/td>\n<\/tr>\n<tr>\n<td valign=\"bottom\" width=\"62\">23<\/td>\n<td valign=\"bottom\" width=\"252\">Szcza\u0142uba Milena<\/td>\n<td valign=\"top\" width=\"145\">ZSE<\/td>\n<\/tr>\n<tr>\n<td valign=\"bottom\" width=\"62\">24<\/td>\n<td valign=\"bottom\" width=\"252\">Szl\u0119zak Mateusz<\/td>\n<td valign=\"top\" width=\"145\">IV LO KIELCE<\/td>\n<\/tr>\n<tr>\n<td valign=\"bottom\" width=\"62\">25<\/td>\n<td valign=\"bottom\" width=\"252\">Szymko Kamil<\/td>\n<td valign=\"top\" width=\"145\">ZST<\/td>\n<\/tr>\n<tr>\n<td valign=\"bottom\" width=\"62\">26<\/td>\n<td valign=\"bottom\" width=\"252\">Tomczyk Martyna<\/td>\n<td valign=\"top\" width=\"145\">II LO<\/td>\n<\/tr>\n<tr>\n<td valign=\"bottom\" width=\"62\">27<\/td>\n<td valign=\"bottom\" width=\"252\">Tusie\u0144 Karolina<\/td>\n<td valign=\"top\" width=\"145\">ZSE<\/td>\n<\/tr>\n<tr>\n<td valign=\"bottom\" width=\"62\">28<\/td>\n<td valign=\"bottom\" width=\"252\">Wi\u0119c\u0142aw Weronika<\/td>\n<td valign=\"top\" width=\"145\">II LO<\/td>\n<\/tr>\n<tr>\n<td valign=\"bottom\" width=\"62\">29<\/td>\n<td valign=\"bottom\" width=\"252\">Wik\u0142o Grzegorz<\/td>\n<td valign=\"top\" width=\"145\">ZST<\/td>\n<\/tr>\n<tr>\n<td valign=\"bottom\" width=\"62\">30<\/td>\n<td valign=\"bottom\" width=\"252\">Wi\u015bniewski Zygmunt<\/td>\n<td valign=\"top\" width=\"145\">ZST<\/td>\n<\/tr>\n<tr>\n<td valign=\"bottom\" width=\"62\">31<\/td>\n<td valign=\"bottom\" width=\"252\">Wojtachnio Magdalena<\/td>\n<td valign=\"top\" width=\"145\">ZSE<\/td>\n<\/tr>\n<tr>\n<td valign=\"bottom\" width=\"62\">32<\/td>\n<td valign=\"bottom\" width=\"252\">W\u00f3jcik Micha\u0142<\/td>\n<td valign=\"top\" width=\"145\">III LO<\/td>\n<\/tr>\n<tr>\n<td valign=\"bottom\" width=\"62\">33<\/td>\n<td valign=\"bottom\" width=\"252\">Zawisza Martyna<\/td>\n<td valign=\"top\" width=\"145\">I LO<\/td>\n<\/tr>\n<\/tbody>\n<\/table>\n","protected":false},"excerpt":{"rendered":"<p>Stypendy\u015bci IX edycji Programu \u017baczek na rok szkolny 2014\/2015 &nbsp; 1 Bilska Ewa I LO 2 Giba\u0142a Krzysztof ZSE 3 Goli\u0144ska Dorota ZSE 4 G\u00f3rniak Urszula I LO KIELCE 5 Grzyb Milena ZST-M 6 Jakubczyk Robert I LO 7 Lach Karina ZSE 8 Lacko Ewa ZSS-U 9 Lenzion Dorota III LO 10 Mackiewicz Paulina I [&hellip;]<\/p>\n","protected":false},"author":1,"featured_media":0,"parent":127,"menu_order":15,"comment_status":"open","ping_status":"open","template":"","meta":[],"_links":{"self":[{"href":"https:\/\/daj-szanse.eu\/index.php?rest_route=\/wp\/v2\/pages\/1375"}],"collection":[{"href":"https:\/\/daj-szanse.eu\/index.php?rest_route=\/wp\/v2\/pages"}],"about":[{"href":"https:\/\/daj-szanse.eu\/index.php?rest_route=\/wp\/v2\/types\/page"}],"author":[{"embeddable":true,"href":"https:\/\/daj-szanse.eu\/index.php?rest_route=\/wp\/v2\/users\/1"}],"replies":[{"embeddable":true,"href":"https:\/\/daj-szanse.eu\/index.php?rest_route=%2Fwp%2Fv2%2Fcomments&post=1375"}],"version-history":[{"count":11,"href":"https:\/\/daj-szanse.eu\/index.php?rest_route=\/wp\/v2\/pages\/1375\/revisions"}],"predecessor-version":[{"id":1393,"href":"https:\/\/daj-szanse.eu\/index.php?rest_route=\/wp\/v2\/pages\/1375\/revisions\/1393"}],"up":[{"embeddable":true,"href":"https:\/\/daj-szanse.eu\/index.php?rest_route=\/wp\/v2\/pages\/127"}],"wp:attachment":[{"href":"https:\/\/daj-szanse.eu\/index.php?rest_route=%2Fwp%2Fv2%2Fmedia&parent=1375"}],"curies":[{"name":"wp","href":"https:\/\/api.w.org\/{rel}","templated":true}]}}