{"id":131,"date":"2011-12-01T20:29:37","date_gmt":"2011-12-01T19:29:37","guid":{"rendered":"http:\/\/wezu.hostdmk.net\/dajszanse_n\/?page_id=131"},"modified":"2011-12-01T20:42:33","modified_gmt":"2011-12-01T19:42:33","slug":"lukasz-dlugosz","status":"publish","type":"page","link":"https:\/\/daj-szanse.eu\/?page_id=131","title":{"rendered":"\u0141ukasz D\u0142ugosz"},"content":{"rendered":"<p>\u0141UKASZ D\u0141UGOSZ &#8211; Absolwent Pa\u0144stwowej Szko\u0142y Muzycznej I Stopnia imienia Zygmunta Noskowskiego w Skar\u017cysku-Kamiennej w klasie fletu Pani Izabeli Mareckiej i Pani Justyny Wo\u015b. Absolwent Pa\u0144stwowego Og\u00f3lnokszta\u0142c\u0105cego Liceum Muzycznego imienia Karola Szymanowskiego we Wroc\u0142awiu w klasie fletu Pana Cezarego Traczewskiego. W latach 2002-2003 studiowa\u0142 w Staatliche Hochschule f\u00fcr Musik we Freiburgu (Niemcy) w klasie Mirjam Nastasi oraz w Akademii Muzycznej w Imoli (W\u0142ochy) pod kierunkiem Janosa Balinta. Nast\u0119pnie uko\u0144czy\u0142 Hochschule f\u00fcr Musik und Theater w Monachium w klasie Andrasa Adorjana. Wybitnie utalentowany flecista odnosz\u0105cy sukcesy na presti\u017cowych konkursach mi\u0119dzynarodowych m. in. w Niemczech, Austrii, Rumunii i we W\u0142oszech. Zdobywca I nagrody na V Mi\u0119dzynarodowym Konkursie Fletowym w Viggiano we W\u0142oszech. Sukces ten jest najwi\u0119kszym dotychczasowym osi\u0105gni\u0119ciem polskiego fletu. Wyst\u0119puje jako solista w kraju i za granic\u0105. Dokona\u0142 szereg nagra\u0144 dla Polskiego radia i telewizji. Wsp\u00f3\u0142pracuje z wieloma orkiestrami w kraju oraz z Filharmoni\u0105 Monachijsk\u0105. Wybrany spo\u015br\u00f3d instrumentalist\u00f3w polskich odnosz\u0105cych sukcesy konkursach mi\u0119dzynarodowych, reprezentowa\u0142 Polskie Radio Program drugi na Mi\u0119dzynarodowym Konkursie Rozg\u0142o\u015bni w Bratys\u0142awie. Zosta\u0142 zaproszony do jury X Mi\u0119dzynarodowego Konkursu Fletowego w Timisorze (Rumunia), gdzie b\u0119dzie zasiada\u0142 razem z wybitn\u0105 flecist\u0105 prof. Peter-Lukas Grafem. Za wybitne osi\u0105gni\u0119cia artystyczne otrzyma\u0142 nagrody i stypendia m in. Ministra Kultury, Jolanty i Aleksandra Kwa\u015bniewskich, Otto-Chelius-Stifung (Niemcy). W pa\u017adzierniku 2005 roku podczas promocji p\u0142yty, otrzyma\u0142 za wybitne osi\u0105gni\u0119cia artystyczne i promowanie regionu \u015bwi\u0119tokrzyskiego w kraju i za granic\u0105, nagrod\u0119 Marsza\u0142ka Wojew\u00f3dztwa \u015awi\u0119tokrzyskiego.W pa\u017adzierniku 2005 r. ukaza\u0142a si\u0119 jego p\u0142yta nagrana z Orkiestr\u0105 Filharmonii \u015awi\u0119tokrzyskiej pod batut\u0105 Jacka Rogali.<\/p>\n","protected":false},"excerpt":{"rendered":"<p>\u0141UKASZ D\u0141UGOSZ &#8211; Absolwent Pa\u0144stwowej Szko\u0142y Muzycznej I Stopnia imienia Zygmunta Noskowskiego w Skar\u017cysku-Kamiennej w klasie fletu Pani Izabeli Mareckiej i Pani Justyny Wo\u015b. Absolwent Pa\u0144stwowego Og\u00f3lnokszta\u0142c\u0105cego Liceum Muzycznego imienia Karola Szymanowskiego we Wroc\u0142awiu w klasie fletu Pana Cezarego Traczewskiego. W latach 2002-2003 studiowa\u0142 w Staatliche Hochschule f\u00fcr Musik we Freiburgu (Niemcy) w klasie Mirjam [&hellip;]<\/p>\n","protected":false},"author":1,"featured_media":0,"parent":127,"menu_order":2,"comment_status":"open","ping_status":"open","template":"","meta":[],"_links":{"self":[{"href":"https:\/\/daj-szanse.eu\/index.php?rest_route=\/wp\/v2\/pages\/131"}],"collection":[{"href":"https:\/\/daj-szanse.eu\/index.php?rest_route=\/wp\/v2\/pages"}],"about":[{"href":"https:\/\/daj-szanse.eu\/index.php?rest_route=\/wp\/v2\/types\/page"}],"author":[{"embeddable":true,"href":"https:\/\/daj-szanse.eu\/index.php?rest_route=\/wp\/v2\/users\/1"}],"replies":[{"embeddable":true,"href":"https:\/\/daj-szanse.eu\/index.php?rest_route=%2Fwp%2Fv2%2Fcomments&post=131"}],"version-history":[{"count":2,"href":"https:\/\/daj-szanse.eu\/index.php?rest_route=\/wp\/v2\/pages\/131\/revisions"}],"predecessor-version":[{"id":148,"href":"https:\/\/daj-szanse.eu\/index.php?rest_route=\/wp\/v2\/pages\/131\/revisions\/148"}],"up":[{"embeddable":true,"href":"https:\/\/daj-szanse.eu\/index.php?rest_route=\/wp\/v2\/pages\/127"}],"wp:attachment":[{"href":"https:\/\/daj-szanse.eu\/index.php?rest_route=%2Fwp%2Fv2%2Fmedia&parent=131"}],"curies":[{"name":"wp","href":"https:\/\/api.w.org\/{rel}","templated":true}]}}