{"id":129,"date":"2011-12-01T20:28:16","date_gmt":"2011-12-01T19:28:16","guid":{"rendered":"http:\/\/wezu.hostdmk.net\/dajszanse_n\/?page_id=129"},"modified":"2011-12-09T19:53:43","modified_gmt":"2011-12-09T18:53:43","slug":"ireneusz-boczek","status":"publish","type":"page","link":"https:\/\/daj-szanse.eu\/?page_id=129","title":{"rendered":"Ireneusz Boczek"},"content":{"rendered":"<p><a href=\"http:\/\/daj-szanse.eu\/wp-content\/uploads\/image1.jpeg\"><img loading=\"lazy\" class=\"size-full wp-image-256 alignleft\" title=\"Ireneusz Boczek\" src=\"http:\/\/daj-szanse.eu\/wp-content\/uploads\/image1.jpeg\" alt=\"\" width=\"210\" height=\"256\" srcset=\"https:\/\/daj-szanse.eu\/wp-content\/uploads\/image1.jpeg 350w, https:\/\/daj-szanse.eu\/wp-content\/uploads\/image1-246x300.jpg 246w\" sizes=\"(max-width: 210px) 100vw, 210px\" \/><\/a><br \/>\nIRENEUSZ BOCZEK &#8211; Pierwszy stypendysta Fundacji &#8222;Daj Szans\u0119&#8221; wybitnie utalentowany pianista odnosz\u0105cy sukcesy na presti\u017cowych konkursach krajowych i mi\u0119dzynarodowych. Nauk\u0119 gry na fortepianie rozpocz\u0105\u0142 w wieku 12 lat w Pa\u0144stwowej Szkole Muzycznej imienia Zygmunta Noskowskiego w Skar\u017cysku-Kamiennej w klasie fortepianu Pani W\u0142odzimiery Pasich. Laureat II nagrody w XIV oraz I nagrody w XV Konkursie M\u0142odych Pianist\u00f3w &#8222;Nad Kamienn\u0105&#8221;. Absolwent Liceum Muzycznego im. Fryderyka Chopina w Krakowie w klasie fortepianu Pani Danuty Myczkowskiej. W czerwcu 2006 roku uko\u0144czy\u0142 Akademi\u0119 Muzyczn\u0105 w Krakowie w klasie fortepianu Pana Stefana Wojtasa, a nast\u0119pnie studia podyplomowe w Akademii Muzycznej w Gda\u0144sku. Jest laureatem konkurs\u00f3w:<br \/>\nV nagroda w Og\u00f3lnopolskim Konkursie na Stypendia Artystyczne Towarzystwa imienia Fryderyka Chopina w Warszawie,<br \/>\nI nagroda na XXXIII Mi\u0119dzynarodowym Konkursie Pianistycznym Palma d&#8217;Oro w Finale Liguare (W\u0142ochy).<br \/>\nUczestnik kurs\u00f3w mistrzowskich organizowanych przy okazji Festiwalu Chopinowskiego w Dusznikach Zdroju.<br \/>\nKoncertowa\u0142 jako solista i z towarzyszeniem Orkiestry Krakowskiej Akademii Muzycznej, Filharmonii Krakowskiej, a w Kieleckim Centrum Kultury obok \u015bwiatowej s\u0142awy sopranistki Gwendolin Bradlay z USA.<br \/>\nReprezentowa\u0142 Ma\u0142opolsk\u0119 na targach EXPO 2005 w Japoni.<\/p>\n<p>Obecnie jest nauczycielem gry na fortepianie w Liceum Muzycznym w Krakowie. Koncertuje jako solista i instrumentalista\u00a0 w wa\u017cniejszych o\u015brodkach muzycznych w kraju i za granic\u0105.<\/p>\n<p>W 2008 roku zosta\u0142 zaproszony do wykonania aran\u017cacji orkiestrowej oraz partii solowej w suicie na fortepian i orkiestr\u0119 \u201e\u017b\u0105dze\u201d autorstwa Janusza Bieleckiego.\u00a0W 2009 roku mia\u0142o miejsce og\u00f3lnopolskie tourn\u00e9e promuj\u0105ce p\u0142yt\u0119\u00a0 z dzie\u0142em krakowskiego kompozytora podczas, kt\u00f3rego wyst\u0119powa\u0142 jako solista z towarzyszeniem Orkiestry Akademii Beethovenowskiej.<\/p>\n<p>Ireneusz wielokrotnie wyst\u0119powa\u0142 na koncertach charytatywnych Fundacji \u201eDaj Szans\u0119\u201d, zar\u00f3wno w okresie nauki jak i jako uznany, szanowany pianista i aran\u017cer.<\/p>\n<p>&nbsp;<\/p>\n<p>&nbsp;<\/p>\n<p>&nbsp;<\/p>\n","protected":false},"excerpt":{"rendered":"<p>IRENEUSZ BOCZEK &#8211; Pierwszy stypendysta Fundacji &#8222;Daj Szans\u0119&#8221; wybitnie utalentowany pianista odnosz\u0105cy sukcesy na presti\u017cowych konkursach krajowych i mi\u0119dzynarodowych. Nauk\u0119 gry na fortepianie rozpocz\u0105\u0142 w wieku 12 lat w Pa\u0144stwowej Szkole Muzycznej imienia Zygmunta Noskowskiego w Skar\u017cysku-Kamiennej w klasie fortepianu Pani W\u0142odzimiery Pasich. Laureat II nagrody w XIV oraz I nagrody w XV Konkursie M\u0142odych [&hellip;]<\/p>\n","protected":false},"author":1,"featured_media":0,"parent":127,"menu_order":0,"comment_status":"open","ping_status":"open","template":"","meta":[],"_links":{"self":[{"href":"https:\/\/daj-szanse.eu\/index.php?rest_route=\/wp\/v2\/pages\/129"}],"collection":[{"href":"https:\/\/daj-szanse.eu\/index.php?rest_route=\/wp\/v2\/pages"}],"about":[{"href":"https:\/\/daj-szanse.eu\/index.php?rest_route=\/wp\/v2\/types\/page"}],"author":[{"embeddable":true,"href":"https:\/\/daj-szanse.eu\/index.php?rest_route=\/wp\/v2\/users\/1"}],"replies":[{"embeddable":true,"href":"https:\/\/daj-szanse.eu\/index.php?rest_route=%2Fwp%2Fv2%2Fcomments&post=129"}],"version-history":[{"count":6,"href":"https:\/\/daj-szanse.eu\/index.php?rest_route=\/wp\/v2\/pages\/129\/revisions"}],"predecessor-version":[{"id":258,"href":"https:\/\/daj-szanse.eu\/index.php?rest_route=\/wp\/v2\/pages\/129\/revisions\/258"}],"up":[{"embeddable":true,"href":"https:\/\/daj-szanse.eu\/index.php?rest_route=\/wp\/v2\/pages\/127"}],"wp:attachment":[{"href":"https:\/\/daj-szanse.eu\/index.php?rest_route=%2Fwp%2Fv2%2Fmedia&parent=129"}],"curies":[{"name":"wp","href":"https:\/\/api.w.org\/{rel}","templated":true}]}}