{"id":125,"date":"2011-12-01T20:21:45","date_gmt":"2011-12-01T19:21:45","guid":{"rendered":"http:\/\/wezu.hostdmk.net\/dajszanse_n\/?page_id=125"},"modified":"2026-02-06T13:08:02","modified_gmt":"2026-02-06T12:08:02","slug":"zarzad-fundacji","status":"publish","type":"page","link":"https:\/\/daj-szanse.eu\/?page_id=125","title":{"rendered":"Zarz\u0105d Fundacji"},"content":{"rendered":"<p>Sk\u0142ad Zarz\u0105du Fundacji &#8222;Daj Szans\u0119&#8221;<\/p>\n<p>1.\u00a0Joanna W\u0119\u017cyk-Prezes Zarz\u0105du<\/p>\n<p>2. Jolanta Jagie\u0142\u0142o-Wiceprezes<\/p>\n<p>3. Hanka Susz-Skarbnik Fundacji<\/p>\n<p>4. Urszula Wrona &#8211; Sekretarz<\/p>\n<p>5. Agata Dulemba<\/p>\n<p>6. Halina Karpi\u0144ska<\/p>\n<p>7. El\u017cbieta Skorupska<\/p>\n<p>8. Krystyna \u015awidunowicz<\/p>\n<p>9. Monika Walczak<\/p>\n","protected":false},"excerpt":{"rendered":"<p>Sk\u0142ad Zarz\u0105du Fundacji &#8222;Daj Szans\u0119&#8221; 1.\u00a0Joanna W\u0119\u017cyk-Prezes Zarz\u0105du 2. Jolanta Jagie\u0142\u0142o-Wiceprezes 3. Hanka Susz-Skarbnik Fundacji 4. Urszula Wrona &#8211; Sekretarz 5. Agata Dulemba 6. Halina Karpi\u0144ska 7. El\u017cbieta Skorupska 8. Krystyna \u015awidunowicz 9. Monika Walczak<\/p>\n","protected":false},"author":1,"featured_media":0,"parent":2,"menu_order":0,"comment_status":"open","ping_status":"open","template":"","meta":[],"_links":{"self":[{"href":"https:\/\/daj-szanse.eu\/index.php?rest_route=\/wp\/v2\/pages\/125"}],"collection":[{"href":"https:\/\/daj-szanse.eu\/index.php?rest_route=\/wp\/v2\/pages"}],"about":[{"href":"https:\/\/daj-szanse.eu\/index.php?rest_route=\/wp\/v2\/types\/page"}],"author":[{"embeddable":true,"href":"https:\/\/daj-szanse.eu\/index.php?rest_route=\/wp\/v2\/users\/1"}],"replies":[{"embeddable":true,"href":"https:\/\/daj-szanse.eu\/index.php?rest_route=%2Fwp%2Fv2%2Fcomments&post=125"}],"version-history":[{"count":7,"href":"https:\/\/daj-szanse.eu\/index.php?rest_route=\/wp\/v2\/pages\/125\/revisions"}],"predecessor-version":[{"id":3445,"href":"https:\/\/daj-szanse.eu\/index.php?rest_route=\/wp\/v2\/pages\/125\/revisions\/3445"}],"up":[{"embeddable":true,"href":"https:\/\/daj-szanse.eu\/index.php?rest_route=\/wp\/v2\/pages\/2"}],"wp:attachment":[{"href":"https:\/\/daj-szanse.eu\/index.php?rest_route=%2Fwp%2Fv2%2Fmedia&parent=125"}],"curies":[{"name":"wp","href":"https:\/\/api.w.org\/{rel}","templated":true}]}}