{"id":122,"date":"2011-12-01T20:20:28","date_gmt":"2011-12-01T19:20:28","guid":{"rendered":"http:\/\/wezu.hostdmk.net\/dajszanse_n\/?page_id=122"},"modified":"2024-09-20T13:02:01","modified_gmt":"2024-09-20T11:02:01","slug":"rada-nadzorcza","status":"publish","type":"page","link":"https:\/\/daj-szanse.eu\/?page_id=122","title":{"rendered":"Rada Nadzorcza"},"content":{"rendered":"<p><strong>Sk\u0142ad Rady Nadzorczej Fundacji \u201eDaj Szans\u0119\u201d<\/strong><\/p>\n<ol>\n<li>Jerzy \u017bmijewski &#8211; Przewodnicz\u0105cy Rady Nadzorczej,<\/li>\n<li>Agnieszka Dr\u00f3zd &#8211; Wiceprzewodnicz\u0105ca Rady Nadzorczej,<\/li>\n<li>Teresa Smulczy\u0144ska &#8211; Sekretarz,<\/li>\n<li>Andrzej B\u0119tkowski<\/li>\n<li>Jolanta Garbala<\/li>\n<li>Magdalena Grzmil<\/li>\n<li>Tomasz Wojteczek<\/li>\n<\/ol>\n","protected":false},"excerpt":{"rendered":"<p>Sk\u0142ad Rady Nadzorczej Fundacji \u201eDaj Szans\u0119\u201d Jerzy \u017bmijewski &#8211; Przewodnicz\u0105cy Rady Nadzorczej, Agnieszka Dr\u00f3zd &#8211; Wiceprzewodnicz\u0105ca Rady Nadzorczej, Teresa Smulczy\u0144ska &#8211; Sekretarz, Andrzej B\u0119tkowski Jolanta Garbala Magdalena Grzmil Tomasz Wojteczek<\/p>\n","protected":false},"author":1,"featured_media":0,"parent":2,"menu_order":0,"comment_status":"open","ping_status":"open","template":"","meta":[],"_links":{"self":[{"href":"https:\/\/daj-szanse.eu\/index.php?rest_route=\/wp\/v2\/pages\/122"}],"collection":[{"href":"https:\/\/daj-szanse.eu\/index.php?rest_route=\/wp\/v2\/pages"}],"about":[{"href":"https:\/\/daj-szanse.eu\/index.php?rest_route=\/wp\/v2\/types\/page"}],"author":[{"embeddable":true,"href":"https:\/\/daj-szanse.eu\/index.php?rest_route=\/wp\/v2\/users\/1"}],"replies":[{"embeddable":true,"href":"https:\/\/daj-szanse.eu\/index.php?rest_route=%2Fwp%2Fv2%2Fcomments&post=122"}],"version-history":[{"count":7,"href":"https:\/\/daj-szanse.eu\/index.php?rest_route=\/wp\/v2\/pages\/122\/revisions"}],"predecessor-version":[{"id":3206,"href":"https:\/\/daj-szanse.eu\/index.php?rest_route=\/wp\/v2\/pages\/122\/revisions\/3206"}],"up":[{"embeddable":true,"href":"https:\/\/daj-szanse.eu\/index.php?rest_route=\/wp\/v2\/pages\/2"}],"wp:attachment":[{"href":"https:\/\/daj-szanse.eu\/index.php?rest_route=%2Fwp%2Fv2%2Fmedia&parent=122"}],"curies":[{"name":"wp","href":"https:\/\/api.w.org\/{rel}","templated":true}]}}